{"id":240,"date":"2024-02-06T22:50:54","date_gmt":"2024-02-06T21:50:54","guid":{"rendered":"https:\/\/asbrindas.fr\/?page_id=240"},"modified":"2024-12-23T13:59:16","modified_gmt":"2024-12-23T12:59:16","slug":"bb-gym-brindas-asb","status":"publish","type":"page","link":"https:\/\/asbrindas.fr\/index.php\/bb-gym-brindas-asb\/","title":{"rendered":"BBGym"},"content":{"rendered":"\n<style>\nbody {\nbackground-color: #6997FA;\n}\n<\/style>\n\n\n\n<p class=\"has-accent-color has-text-color has-link-color wp-elements-87240ff7a41a3d407f6e3225e02e94c7\">Quand, o\u00f9, avec qui :<\/p>\n\n\n\n<figure class=\"wp-block-table\"><table><thead><tr><th><strong>Cat\u00e9gorie<\/strong><\/th><th><strong>Naissance<\/strong><\/th><th><strong>Horaire<\/strong><\/th><\/tr><\/thead><tbody><tr><td>BB1<\/td><td>Entre Oct 2022 et Avr 2023<\/td><td>Samedi 9h00 &#8211; 9h45<\/td><\/tr><tr><td>BB2<\/td><td>Entre Janv 2022 et Sept 2022<\/td><td>Samedi 9h50 &#8211; 10h35<\/td><\/tr><tr><td>BB3<\/td><td>En 2021<\/td><td>Mercredi 9h00 &#8211; 10h00<br>Samedi 10h40 &#8211; 11h25<\/td><\/tr><tr><td>BB4<\/td><td>En 2020<\/td><td>Mercredi 9h00 &#8211; 10h00<br>Samedi 11h30 &#8211; 12h15<\/td><\/tr><\/tbody><\/table><\/figure>\n\n\n\n<p>Au gymnase Alain Mimoun<\/p>\n\n\n\n<p>Avec Lionel et Amandine le mercredi                                                        Avec Benjamin et Charlotte le samedi<\/p>\n\n\n\n<div class=\"wp-block-columns is-not-stacked-on-mobile is-layout-flex wp-container-core-columns-is-layout-9d6595d7 wp-block-columns-is-layout-flex\">\n<div class=\"wp-block-column is-layout-flow wp-block-column-is-layout-flow\">\n<figure class=\"wp-block-image size-large is-resized is-style-rounded\"><img loading=\"lazy\" decoding=\"async\" width=\"610\" height=\"1024\" src=\"http:\/\/asbrindas.fr\/wp-content\/uploads\/2024\/06\/lionel3-610x1024.jpg\" alt=\"entraineur BB Gym\" class=\"wp-image-671\" style=\"width:192px;height:auto\" srcset=\"https:\/\/asbrindas.fr\/wp-content\/uploads\/2024\/06\/lionel3-610x1024.jpg 610w, https:\/\/asbrindas.fr\/wp-content\/uploads\/2024\/06\/lionel3-179x300.jpg 179w, https:\/\/asbrindas.fr\/wp-content\/uploads\/2024\/06\/lionel3-768x1290.jpg 768w, https:\/\/asbrindas.fr\/wp-content\/uploads\/2024\/06\/lionel3-915x1536.jpg 915w, https:\/\/asbrindas.fr\/wp-content\/uploads\/2024\/06\/lionel3.jpg 1072w\" sizes=\"auto, (max-width: 610px) 100vw, 610px\" \/><\/figure>\n<\/div>\n\n\n\n<div class=\"wp-block-column is-layout-flow wp-block-column-is-layout-flow\">\n<figure class=\"wp-block-image size-full is-resized is-style-rounded\"><img loading=\"lazy\" decoding=\"async\" width=\"1007\" height=\"1631\" src=\"http:\/\/asbrindas.fr\/wp-content\/uploads\/2024\/06\/amandine2.jpg\" alt=\"entraineur BB Gym\" class=\"wp-image-693\" style=\"width:195px;height:auto\" srcset=\"https:\/\/asbrindas.fr\/wp-content\/uploads\/2024\/06\/amandine2.jpg 1007w, https:\/\/asbrindas.fr\/wp-content\/uploads\/2024\/06\/amandine2-185x300.jpg 185w, https:\/\/asbrindas.fr\/wp-content\/uploads\/2024\/06\/amandine2-632x1024.jpg 632w, https:\/\/asbrindas.fr\/wp-content\/uploads\/2024\/06\/amandine2-768x1244.jpg 768w, https:\/\/asbrindas.fr\/wp-content\/uploads\/2024\/06\/amandine2-948x1536.jpg 948w\" sizes=\"auto, (max-width: 1007px) 100vw, 1007px\" \/><\/figure>\n<\/div>\n\n\n\n<div class=\"wp-block-column is-layout-flow wp-block-column-is-layout-flow\">\n<figure class=\"wp-block-image size-large is-style-rounded\"><img loading=\"lazy\" decoding=\"async\" width=\"648\" height=\"1024\" src=\"http:\/\/asbrindas.fr\/wp-content\/uploads\/2024\/03\/BENJAMIN-648x1024.jpg\" alt=\"entraineur BB Gym\" class=\"wp-image-377\" srcset=\"https:\/\/asbrindas.fr\/wp-content\/uploads\/2024\/03\/BENJAMIN-648x1024.jpg 648w, https:\/\/asbrindas.fr\/wp-content\/uploads\/2024\/03\/BENJAMIN-190x300.jpg 190w, https:\/\/asbrindas.fr\/wp-content\/uploads\/2024\/03\/BENJAMIN-768x1214.jpg 768w, https:\/\/asbrindas.fr\/wp-content\/uploads\/2024\/03\/BENJAMIN-972x1536.jpg 972w, https:\/\/asbrindas.fr\/wp-content\/uploads\/2024\/03\/BENJAMIN-1296x2048.jpg 1296w, https:\/\/asbrindas.fr\/wp-content\/uploads\/2024\/03\/BENJAMIN-scaled.jpg 1620w\" sizes=\"auto, (max-width: 648px) 100vw, 648px\" \/><\/figure>\n<\/div>\n\n\n\n<div class=\"wp-block-column is-layout-flow wp-block-column-is-layout-flow\">\n<figure class=\"wp-block-image size-large is-resized is-style-rounded\"><img loading=\"lazy\" decoding=\"async\" width=\"564\" height=\"1024\" src=\"http:\/\/asbrindas.fr\/wp-content\/uploads\/2024\/06\/charlotte3-564x1024.jpg\" alt=\"entraineur BB Gym\" class=\"wp-image-702\" style=\"width:176px;height:auto\" srcset=\"https:\/\/asbrindas.fr\/wp-content\/uploads\/2024\/06\/charlotte3-564x1024.jpg 564w, https:\/\/asbrindas.fr\/wp-content\/uploads\/2024\/06\/charlotte3-165x300.jpg 165w, https:\/\/asbrindas.fr\/wp-content\/uploads\/2024\/06\/charlotte3-768x1395.jpg 768w, https:\/\/asbrindas.fr\/wp-content\/uploads\/2024\/06\/charlotte3-846x1536.jpg 846w, https:\/\/asbrindas.fr\/wp-content\/uploads\/2024\/06\/charlotte3.jpg 1083w\" sizes=\"auto, (max-width: 564px) 100vw, 564px\" \/><\/figure>\n<\/div>\n<\/div>\n\n\n\n<p class=\"has-accent-color has-text-color has-link-color wp-elements-204e5eb71bec2e364ade28a5142c2bbf\">Tarif :<\/p>\n\n\n\n<p>140\u20ac + 10\u20ac adh\u00e9sion ASB pour 45mn de cours le samedi \u00e0 l&rsquo;ann\u00e9e<br>150\u20ac + 10\u20ac adh\u00e9sion ASB pour 1 heure de cours le mercredi \u00e0 l&rsquo;ann\u00e9e <\/p>\n\n\n\n<p class=\"has-accent-color has-text-color has-link-color wp-elements-efe6e9972695ccf8363c8d4836e25cf4\">Renseignements :<\/p>\n\n\n\n<p>asbrindasgym@gmail.com<\/p>\n","protected":false},"excerpt":{"rendered":"<p>Quand, o\u00f9, avec qui : Cat\u00e9gorie Naissance Horaire BB1 Entre Oct 2022 et Avr 2023 Samedi 9h00 &#8211; 9h45 BB2<\/p>\n","protected":false},"author":2,"featured_media":0,"parent":0,"menu_order":0,"comment_status":"closed","ping_status":"closed","template":"","meta":{"footnotes":""},"class_list":["post-240","page","type-page","status-publish","hentry","comments-off"],"yoast_head":"<!-- This site is optimized with the Yoast SEO plugin v27.4 - https:\/\/yoast.com\/product\/yoast-seo-wordpress\/ -->\n<title>BB Gym \u00e0 Brindas avec l ASB<\/title>\n<meta name=\"description\" content=\"Cliquez ici si vous souhaitez avoir tous les renseignements (horaires, lieu...) sur la BB Gym \u00e0 Brindas avec l&#039;ASB\" \/>\n<meta name=\"robots\" content=\"index, follow, max-snippet:-1, max-image-preview:large, max-video-preview:-1\" \/>\n<link rel=\"canonical\" href=\"http:\/\/asbrindas.fr\/index.php\/bb-gym-brindas-asb\/\" \/>\n<meta property=\"og:locale\" content=\"fr_FR\" \/>\n<meta property=\"og:type\" content=\"article\" \/>\n<meta property=\"og:title\" content=\"BB Gym \u00e0 Brindas avec l ASB\" \/>\n<meta property=\"og:description\" content=\"Cliquez ici si vous souhaitez avoir tous les renseignements (horaires, lieu...) sur la BB Gym \u00e0 Brindas avec l&#039;ASB\" \/>\n<meta property=\"og:url\" content=\"http:\/\/asbrindas.fr\/index.php\/bb-gym-brindas-asb\/\" \/>\n<meta property=\"og:site_name\" content=\"Association Sportive de Brindas\" \/>\n<meta property=\"article:modified_time\" content=\"2024-12-23T12:59:16+00:00\" \/>\n<meta property=\"og:image\" content=\"http:\/\/asbrindas.fr\/wp-content\/uploads\/2024\/06\/lionel3-610x1024.jpg\" \/>\n<meta name=\"twitter:card\" content=\"summary_large_image\" \/>\n<meta name=\"twitter:label1\" content=\"Dur\u00e9e de lecture estim\u00e9e\" \/>\n\t<meta name=\"twitter:data1\" content=\"2 minutes\" \/>\n<script type=\"application\/ld+json\" class=\"yoast-schema-graph\">{\"@context\":\"https:\\\/\\\/schema.org\",\"@graph\":[{\"@type\":\"WebPage\",\"@id\":\"http:\\\/\\\/asbrindas.fr\\\/index.php\\\/bb-gym-brindas-asb\\\/\",\"url\":\"http:\\\/\\\/asbrindas.fr\\\/index.php\\\/bb-gym-brindas-asb\\\/\",\"name\":\"BB Gym \u00e0 Brindas avec l ASB\",\"isPartOf\":{\"@id\":\"http:\\\/\\\/asbrindas.fr\\\/#website\"},\"primaryImageOfPage\":{\"@id\":\"http:\\\/\\\/asbrindas.fr\\\/index.php\\\/bb-gym-brindas-asb\\\/#primaryimage\"},\"image\":{\"@id\":\"http:\\\/\\\/asbrindas.fr\\\/index.php\\\/bb-gym-brindas-asb\\\/#primaryimage\"},\"thumbnailUrl\":\"http:\\\/\\\/asbrindas.fr\\\/wp-content\\\/uploads\\\/2024\\\/06\\\/lionel3-610x1024.jpg\",\"datePublished\":\"2024-02-06T21:50:54+00:00\",\"dateModified\":\"2024-12-23T12:59:16+00:00\",\"description\":\"Cliquez ici si vous souhaitez avoir tous les renseignements (horaires, lieu...) sur la BB Gym \u00e0 Brindas avec l'ASB\",\"breadcrumb\":{\"@id\":\"http:\\\/\\\/asbrindas.fr\\\/index.php\\\/bb-gym-brindas-asb\\\/#breadcrumb\"},\"inLanguage\":\"fr-FR\",\"potentialAction\":[{\"@type\":\"ReadAction\",\"target\":[\"http:\\\/\\\/asbrindas.fr\\\/index.php\\\/bb-gym-brindas-asb\\\/\"]}]},{\"@type\":\"ImageObject\",\"inLanguage\":\"fr-FR\",\"@id\":\"http:\\\/\\\/asbrindas.fr\\\/index.php\\\/bb-gym-brindas-asb\\\/#primaryimage\",\"url\":\"https:\\\/\\\/asbrindas.fr\\\/wp-content\\\/uploads\\\/2024\\\/06\\\/lionel3.jpg\",\"contentUrl\":\"https:\\\/\\\/asbrindas.fr\\\/wp-content\\\/uploads\\\/2024\\\/06\\\/lionel3.jpg\",\"width\":1072,\"height\":1800},{\"@type\":\"BreadcrumbList\",\"@id\":\"http:\\\/\\\/asbrindas.fr\\\/index.php\\\/bb-gym-brindas-asb\\\/#breadcrumb\",\"itemListElement\":[{\"@type\":\"ListItem\",\"position\":1,\"name\":\"Accueil\",\"item\":\"http:\\\/\\\/asbrindas.fr\\\/\"},{\"@type\":\"ListItem\",\"position\":2,\"name\":\"BBGym\"}]},{\"@type\":\"WebSite\",\"@id\":\"http:\\\/\\\/asbrindas.fr\\\/#website\",\"url\":\"http:\\\/\\\/asbrindas.fr\\\/\",\"name\":\"Association Sportive de Brindas - ASB\",\"description\":\"Association Sportive Brindas\",\"publisher\":{\"@id\":\"http:\\\/\\\/asbrindas.fr\\\/#organization\"},\"potentialAction\":[{\"@type\":\"SearchAction\",\"target\":{\"@type\":\"EntryPoint\",\"urlTemplate\":\"http:\\\/\\\/asbrindas.fr\\\/?s={search_term_string}\"},\"query-input\":{\"@type\":\"PropertyValueSpecification\",\"valueRequired\":true,\"valueName\":\"search_term_string\"}}],\"inLanguage\":\"fr-FR\"},{\"@type\":\"Organization\",\"@id\":\"http:\\\/\\\/asbrindas.fr\\\/#organization\",\"name\":\"Association Sportive de Brindas - ASB\",\"url\":\"http:\\\/\\\/asbrindas.fr\\\/\",\"logo\":{\"@type\":\"ImageObject\",\"inLanguage\":\"fr-FR\",\"@id\":\"http:\\\/\\\/asbrindas.fr\\\/#\\\/schema\\\/logo\\\/image\\\/\",\"url\":\"http:\\\/\\\/asbrindas.fr\\\/wp-content\\\/uploads\\\/2024\\\/07\\\/Logo-ASB-80.png\",\"contentUrl\":\"http:\\\/\\\/asbrindas.fr\\\/wp-content\\\/uploads\\\/2024\\\/07\\\/Logo-ASB-80.png\",\"width\":228,\"height\":219,\"caption\":\"Association Sportive de Brindas - ASB\"},\"image\":{\"@id\":\"http:\\\/\\\/asbrindas.fr\\\/#\\\/schema\\\/logo\\\/image\\\/\"}}]}<\/script>\n<!-- \/ Yoast SEO plugin. -->","yoast_head_json":{"title":"BB Gym \u00e0 Brindas avec l ASB","description":"Cliquez ici si vous souhaitez avoir tous les renseignements (horaires, lieu...) sur la BB Gym \u00e0 Brindas avec l'ASB","robots":{"index":"index","follow":"follow","max-snippet":"max-snippet:-1","max-image-preview":"max-image-preview:large","max-video-preview":"max-video-preview:-1"},"canonical":"http:\/\/asbrindas.fr\/index.php\/bb-gym-brindas-asb\/","og_locale":"fr_FR","og_type":"article","og_title":"BB Gym \u00e0 Brindas avec l ASB","og_description":"Cliquez ici si vous souhaitez avoir tous les renseignements (horaires, lieu...) sur la BB Gym \u00e0 Brindas avec l'ASB","og_url":"http:\/\/asbrindas.fr\/index.php\/bb-gym-brindas-asb\/","og_site_name":"Association Sportive de Brindas","article_modified_time":"2024-12-23T12:59:16+00:00","og_image":[{"url":"http:\/\/asbrindas.fr\/wp-content\/uploads\/2024\/06\/lionel3-610x1024.jpg","type":"","width":"","height":""}],"twitter_card":"summary_large_image","twitter_misc":{"Dur\u00e9e de lecture estim\u00e9e":"2 minutes"},"schema":{"@context":"https:\/\/schema.org","@graph":[{"@type":"WebPage","@id":"http:\/\/asbrindas.fr\/index.php\/bb-gym-brindas-asb\/","url":"http:\/\/asbrindas.fr\/index.php\/bb-gym-brindas-asb\/","name":"BB Gym \u00e0 Brindas avec l ASB","isPartOf":{"@id":"http:\/\/asbrindas.fr\/#website"},"primaryImageOfPage":{"@id":"http:\/\/asbrindas.fr\/index.php\/bb-gym-brindas-asb\/#primaryimage"},"image":{"@id":"http:\/\/asbrindas.fr\/index.php\/bb-gym-brindas-asb\/#primaryimage"},"thumbnailUrl":"http:\/\/asbrindas.fr\/wp-content\/uploads\/2024\/06\/lionel3-610x1024.jpg","datePublished":"2024-02-06T21:50:54+00:00","dateModified":"2024-12-23T12:59:16+00:00","description":"Cliquez ici si vous souhaitez avoir tous les renseignements (horaires, lieu...) sur la BB Gym \u00e0 Brindas avec l'ASB","breadcrumb":{"@id":"http:\/\/asbrindas.fr\/index.php\/bb-gym-brindas-asb\/#breadcrumb"},"inLanguage":"fr-FR","potentialAction":[{"@type":"ReadAction","target":["http:\/\/asbrindas.fr\/index.php\/bb-gym-brindas-asb\/"]}]},{"@type":"ImageObject","inLanguage":"fr-FR","@id":"http:\/\/asbrindas.fr\/index.php\/bb-gym-brindas-asb\/#primaryimage","url":"https:\/\/asbrindas.fr\/wp-content\/uploads\/2024\/06\/lionel3.jpg","contentUrl":"https:\/\/asbrindas.fr\/wp-content\/uploads\/2024\/06\/lionel3.jpg","width":1072,"height":1800},{"@type":"BreadcrumbList","@id":"http:\/\/asbrindas.fr\/index.php\/bb-gym-brindas-asb\/#breadcrumb","itemListElement":[{"@type":"ListItem","position":1,"name":"Accueil","item":"http:\/\/asbrindas.fr\/"},{"@type":"ListItem","position":2,"name":"BBGym"}]},{"@type":"WebSite","@id":"http:\/\/asbrindas.fr\/#website","url":"http:\/\/asbrindas.fr\/","name":"Association Sportive de Brindas - ASB","description":"Association Sportive Brindas","publisher":{"@id":"http:\/\/asbrindas.fr\/#organization"},"potentialAction":[{"@type":"SearchAction","target":{"@type":"EntryPoint","urlTemplate":"http:\/\/asbrindas.fr\/?s={search_term_string}"},"query-input":{"@type":"PropertyValueSpecification","valueRequired":true,"valueName":"search_term_string"}}],"inLanguage":"fr-FR"},{"@type":"Organization","@id":"http:\/\/asbrindas.fr\/#organization","name":"Association Sportive de Brindas - ASB","url":"http:\/\/asbrindas.fr\/","logo":{"@type":"ImageObject","inLanguage":"fr-FR","@id":"http:\/\/asbrindas.fr\/#\/schema\/logo\/image\/","url":"http:\/\/asbrindas.fr\/wp-content\/uploads\/2024\/07\/Logo-ASB-80.png","contentUrl":"http:\/\/asbrindas.fr\/wp-content\/uploads\/2024\/07\/Logo-ASB-80.png","width":228,"height":219,"caption":"Association Sportive de Brindas - ASB"},"image":{"@id":"http:\/\/asbrindas.fr\/#\/schema\/logo\/image\/"}}]}},"_links":{"self":[{"href":"https:\/\/asbrindas.fr\/index.php\/wp-json\/wp\/v2\/pages\/240","targetHints":{"allow":["GET"]}}],"collection":[{"href":"https:\/\/asbrindas.fr\/index.php\/wp-json\/wp\/v2\/pages"}],"about":[{"href":"https:\/\/asbrindas.fr\/index.php\/wp-json\/wp\/v2\/types\/page"}],"author":[{"embeddable":true,"href":"https:\/\/asbrindas.fr\/index.php\/wp-json\/wp\/v2\/users\/2"}],"replies":[{"embeddable":true,"href":"https:\/\/asbrindas.fr\/index.php\/wp-json\/wp\/v2\/comments?post=240"}],"version-history":[{"count":18,"href":"https:\/\/asbrindas.fr\/index.php\/wp-json\/wp\/v2\/pages\/240\/revisions"}],"predecessor-version":[{"id":959,"href":"https:\/\/asbrindas.fr\/index.php\/wp-json\/wp\/v2\/pages\/240\/revisions\/959"}],"wp:attachment":[{"href":"https:\/\/asbrindas.fr\/index.php\/wp-json\/wp\/v2\/media?parent=240"}],"curies":[{"name":"wp","href":"https:\/\/api.w.org\/{rel}","templated":true}]}}