{"id":296,"date":"2024-02-08T15:27:56","date_gmt":"2024-02-08T14:27:56","guid":{"rendered":"https:\/\/asbrindas.fr\/?page_id=296"},"modified":"2025-06-23T14:58:37","modified_gmt":"2025-06-23T12:58:37","slug":"fete-de-la-gym-artistique","status":"publish","type":"page","link":"https:\/\/asbrindas.fr\/index.php\/fete-de-la-gym-artistique\/","title":{"rendered":"F\u00eate de la Gym Artistique"},"content":{"rendered":"\n<style>\nbody {\nbackground-color: #6997FA;\n}\n<\/style>\n\n\n\n<h2 class=\"wp-block-heading has-large-font-size\">F\u00eate de la Gym Artistique 2025<\/h2>\n\n\n\n<p>Voici les diff\u00e9rentes dates pour la f\u00eate de Gym Artistique afin de cl\u00f4turer cette belle ann\u00e9e.<br>Nous vous donnons rendez-vous :<\/p>\n\n\n\n<ul class=\"wp-block-list\">\n<li>le samedi 28 juin 2025 au gymnase \u00e0 partir de 18h30 pour les \u00e9quipes gym comp\u00e9titions<\/li>\n\n\n\n<li>le mercredi 18 juin 2025 au gymnase \u00e0 partir de 14h00 pour les \u00e9quipes gym loisir<\/li>\n\n\n\n<li>le samedi 28 juin 2025 au gymnase de 10h00 \u00e0 11h30 pour les BBGym<\/li>\n<\/ul>\n\n\n\n<h2 class=\"wp-block-heading has-large-font-size\">F\u00eate de fin d&rsquo;ann\u00e9e 2024 des grands et des petits<\/h2>\n\n\n\n<p>L&rsquo;ASB gymnastique artistique a f\u00eat\u00e9 les f\u00eates de fin d&rsquo;ann\u00e9e !!! <br><br>Mercredi 18 il y a eu une comp\u00e9tition papillotes pour les gymnastes du p\u00f4le loisir et un g\u00e9ant parcours pour les babys. Les parents ont pu voir les progr\u00e8s de leurs enfants qui sont r\u00e9parties avec dipl\u00f4mes et papillotes. <br><br>Vendredi 20, les grands et grandes ont termin\u00e9s l&rsquo;ann\u00e9e par une raclette au gymnase. Un peu de convivialit\u00e9 avant les comp\u00e9titions qui nous demanderont d&rsquo;\u00eatre irr\u00e9prochable collectivement pour faire une belle saison 2025! <br><br>Et samedi 21 D\u00e9cembre, le p\u00f4le petite enfance a f\u00eater dignement No\u00ebl avec la venue du p\u00e8re No\u00ebl et des d\u00e9monstrations gymniques. Il ont profit\u00e9 du caf\u00e9 et des g\u00e2teau avant de repartir pr\u00e9parer l&rsquo;arriv\u00e9e du p\u00e8re No\u00ebl.<\/p>\n\n\n\n<div class=\"wp-block-columns is-layout-flex wp-container-core-columns-is-layout-9d6595d7 wp-block-columns-is-layout-flex\">\n<div class=\"wp-block-column is-layout-flow wp-block-column-is-layout-flow\">\n<figure class=\"wp-block-image size-large\"><img loading=\"lazy\" decoding=\"async\" width=\"1024\" height=\"768\" src=\"https:\/\/asbrindas.fr\/wp-content\/uploads\/2024\/12\/b430c8eb-de45-4a23-a383-25484efcad76-1024x768.jpg\" alt=\"\" class=\"wp-image-1183\" srcset=\"https:\/\/asbrindas.fr\/wp-content\/uploads\/2024\/12\/b430c8eb-de45-4a23-a383-25484efcad76-1024x768.jpg 1024w, https:\/\/asbrindas.fr\/wp-content\/uploads\/2024\/12\/b430c8eb-de45-4a23-a383-25484efcad76-300x225.jpg 300w, https:\/\/asbrindas.fr\/wp-content\/uploads\/2024\/12\/b430c8eb-de45-4a23-a383-25484efcad76-768x576.jpg 768w, https:\/\/asbrindas.fr\/wp-content\/uploads\/2024\/12\/b430c8eb-de45-4a23-a383-25484efcad76-1536x1152.jpg 1536w, https:\/\/asbrindas.fr\/wp-content\/uploads\/2024\/12\/b430c8eb-de45-4a23-a383-25484efcad76-600x450.jpg 600w, https:\/\/asbrindas.fr\/wp-content\/uploads\/2024\/12\/b430c8eb-de45-4a23-a383-25484efcad76.jpg 2048w\" sizes=\"auto, (max-width: 1024px) 100vw, 1024px\" \/><\/figure>\n<\/div>\n\n\n\n<div class=\"wp-block-column is-layout-flow wp-block-column-is-layout-flow\">\n<figure class=\"wp-block-image size-large\"><img loading=\"lazy\" decoding=\"async\" width=\"768\" height=\"1024\" src=\"https:\/\/asbrindas.fr\/wp-content\/uploads\/2024\/12\/fcb131f8-c2ca-41ad-be9c-ea225617a8ca-768x1024.jpg\" alt=\"\" class=\"wp-image-1184\" srcset=\"https:\/\/asbrindas.fr\/wp-content\/uploads\/2024\/12\/fcb131f8-c2ca-41ad-be9c-ea225617a8ca-768x1024.jpg 768w, https:\/\/asbrindas.fr\/wp-content\/uploads\/2024\/12\/fcb131f8-c2ca-41ad-be9c-ea225617a8ca-225x300.jpg 225w, https:\/\/asbrindas.fr\/wp-content\/uploads\/2024\/12\/fcb131f8-c2ca-41ad-be9c-ea225617a8ca-1152x1536.jpg 1152w, https:\/\/asbrindas.fr\/wp-content\/uploads\/2024\/12\/fcb131f8-c2ca-41ad-be9c-ea225617a8ca.jpg 1200w\" sizes=\"auto, (max-width: 768px) 100vw, 768px\" \/><\/figure>\n<\/div>\n\n\n\n<div class=\"wp-block-column is-layout-flow wp-block-column-is-layout-flow\">\n<figure class=\"wp-block-image size-large\"><img loading=\"lazy\" decoding=\"async\" width=\"1024\" height=\"768\" src=\"https:\/\/asbrindas.fr\/wp-content\/uploads\/2024\/12\/b1335af4-899f-4a92-96bc-5e7d89e508e6-1024x768.jpg\" alt=\"\" class=\"wp-image-1185\" srcset=\"https:\/\/asbrindas.fr\/wp-content\/uploads\/2024\/12\/b1335af4-899f-4a92-96bc-5e7d89e508e6-1024x768.jpg 1024w, https:\/\/asbrindas.fr\/wp-content\/uploads\/2024\/12\/b1335af4-899f-4a92-96bc-5e7d89e508e6-300x225.jpg 300w, https:\/\/asbrindas.fr\/wp-content\/uploads\/2024\/12\/b1335af4-899f-4a92-96bc-5e7d89e508e6-768x576.jpg 768w, https:\/\/asbrindas.fr\/wp-content\/uploads\/2024\/12\/b1335af4-899f-4a92-96bc-5e7d89e508e6-1536x1152.jpg 1536w, https:\/\/asbrindas.fr\/wp-content\/uploads\/2024\/12\/b1335af4-899f-4a92-96bc-5e7d89e508e6-600x450.jpg 600w, https:\/\/asbrindas.fr\/wp-content\/uploads\/2024\/12\/b1335af4-899f-4a92-96bc-5e7d89e508e6.jpg 1792w\" sizes=\"auto, (max-width: 1024px) 100vw, 1024px\" \/><\/figure>\n<\/div>\n<\/div>\n\n\n\n<h2 class=\"wp-block-heading has-large-font-size\">F\u00eate de la Gym Artistique 2024<\/h2>\n\n\n\n<p>Voici les diff\u00e9rentes dates pour la f\u00eate de Gym Artistique afin de cl\u00f4turer cette belle ann\u00e9e. <br>Nous vous donnons rendez-vous :<\/p>\n\n\n\n<ul class=\"wp-block-list\">\n<li>le samedi 15 juin 2024 au gymnase \u00e0 partir de 18h00 pour les \u00e9quipes gym comp\u00e9titions<\/li>\n\n\n\n<li>le mardi 18 juin 2024 au gymnase \u00e0 partir de 17h30 pour les \u00e9quipes gym loisir<\/li>\n\n\n\n<li>le samedi 29 juin 2024 au gymnase aux heures habituelles autour d&rsquo;un caf\u00e9 gourmand pour les BBGym <\/li>\n<\/ul>\n\n\n\n<p><\/p>\n","protected":false},"excerpt":{"rendered":"<p>F\u00eate de la Gym Artistique 2025 Voici les diff\u00e9rentes dates pour la f\u00eate de Gym Artistique afin de cl\u00f4turer cette<\/p>\n","protected":false},"author":2,"featured_media":0,"parent":0,"menu_order":0,"comment_status":"closed","ping_status":"closed","template":"","meta":{"footnotes":""},"class_list":["post-296","page","type-page","status-publish","hentry","comments-off"],"yoast_head":"<!-- This site is optimized with the Yoast SEO plugin v27.4 - https:\/\/yoast.com\/product\/yoast-seo-wordpress\/ -->\n<title>F\u00eate Gym Artistique<\/title>\n<meta name=\"description\" content=\"Cliquez ici si vous souhaitez avoir tous les renseignements (horaires, lieu...) sur la f\u00eate de la Gym Artistique de Brindas avec l&#039;ASB\" \/>\n<meta name=\"robots\" content=\"index, follow, max-snippet:-1, max-image-preview:large, max-video-preview:-1\" \/>\n<link rel=\"canonical\" href=\"https:\/\/asbrindas.fr\/index.php\/fete-de-la-gym-artistique\/\" \/>\n<meta property=\"og:locale\" content=\"fr_FR\" \/>\n<meta property=\"og:type\" content=\"article\" \/>\n<meta property=\"og:title\" content=\"F\u00eate Gym Artistique\" \/>\n<meta property=\"og:description\" content=\"Cliquez ici si vous souhaitez avoir tous les renseignements (horaires, lieu...) sur la f\u00eate de la Gym Artistique de Brindas avec l&#039;ASB\" \/>\n<meta property=\"og:url\" content=\"https:\/\/asbrindas.fr\/index.php\/fete-de-la-gym-artistique\/\" \/>\n<meta property=\"og:site_name\" content=\"Association Sportive de Brindas\" \/>\n<meta property=\"article:modified_time\" content=\"2025-06-23T12:58:37+00:00\" \/>\n<meta property=\"og:image\" content=\"https:\/\/asbrindas.fr\/wp-content\/uploads\/2024\/12\/b430c8eb-de45-4a23-a383-25484efcad76-1024x768.jpg\" \/>\n<meta name=\"twitter:card\" content=\"summary_large_image\" \/>\n<meta name=\"twitter:label1\" content=\"Dur\u00e9e de lecture estim\u00e9e\" \/>\n\t<meta name=\"twitter:data1\" content=\"3 minutes\" \/>\n<script type=\"application\/ld+json\" class=\"yoast-schema-graph\">{\"@context\":\"https:\\\/\\\/schema.org\",\"@graph\":[{\"@type\":\"WebPage\",\"@id\":\"https:\\\/\\\/asbrindas.fr\\\/index.php\\\/fete-de-la-gym-artistique\\\/\",\"url\":\"https:\\\/\\\/asbrindas.fr\\\/index.php\\\/fete-de-la-gym-artistique\\\/\",\"name\":\"F\u00eate Gym Artistique\",\"isPartOf\":{\"@id\":\"http:\\\/\\\/asbrindas.fr\\\/#website\"},\"primaryImageOfPage\":{\"@id\":\"https:\\\/\\\/asbrindas.fr\\\/index.php\\\/fete-de-la-gym-artistique\\\/#primaryimage\"},\"image\":{\"@id\":\"https:\\\/\\\/asbrindas.fr\\\/index.php\\\/fete-de-la-gym-artistique\\\/#primaryimage\"},\"thumbnailUrl\":\"https:\\\/\\\/asbrindas.fr\\\/wp-content\\\/uploads\\\/2024\\\/12\\\/b430c8eb-de45-4a23-a383-25484efcad76-1024x768.jpg\",\"datePublished\":\"2024-02-08T14:27:56+00:00\",\"dateModified\":\"2025-06-23T12:58:37+00:00\",\"description\":\"Cliquez ici si vous souhaitez avoir tous les renseignements (horaires, lieu...) sur la f\u00eate de la Gym Artistique de Brindas avec l'ASB\",\"breadcrumb\":{\"@id\":\"https:\\\/\\\/asbrindas.fr\\\/index.php\\\/fete-de-la-gym-artistique\\\/#breadcrumb\"},\"inLanguage\":\"fr-FR\",\"potentialAction\":[{\"@type\":\"ReadAction\",\"target\":[\"https:\\\/\\\/asbrindas.fr\\\/index.php\\\/fete-de-la-gym-artistique\\\/\"]}]},{\"@type\":\"ImageObject\",\"inLanguage\":\"fr-FR\",\"@id\":\"https:\\\/\\\/asbrindas.fr\\\/index.php\\\/fete-de-la-gym-artistique\\\/#primaryimage\",\"url\":\"https:\\\/\\\/asbrindas.fr\\\/wp-content\\\/uploads\\\/2024\\\/12\\\/b430c8eb-de45-4a23-a383-25484efcad76.jpg\",\"contentUrl\":\"https:\\\/\\\/asbrindas.fr\\\/wp-content\\\/uploads\\\/2024\\\/12\\\/b430c8eb-de45-4a23-a383-25484efcad76.jpg\",\"width\":2048,\"height\":1536},{\"@type\":\"BreadcrumbList\",\"@id\":\"https:\\\/\\\/asbrindas.fr\\\/index.php\\\/fete-de-la-gym-artistique\\\/#breadcrumb\",\"itemListElement\":[{\"@type\":\"ListItem\",\"position\":1,\"name\":\"Accueil\",\"item\":\"http:\\\/\\\/asbrindas.fr\\\/\"},{\"@type\":\"ListItem\",\"position\":2,\"name\":\"F\u00eate de la Gym Artistique\"}]},{\"@type\":\"WebSite\",\"@id\":\"http:\\\/\\\/asbrindas.fr\\\/#website\",\"url\":\"http:\\\/\\\/asbrindas.fr\\\/\",\"name\":\"Association Sportive de Brindas - ASB\",\"description\":\"Association Sportive Brindas\",\"publisher\":{\"@id\":\"http:\\\/\\\/asbrindas.fr\\\/#organization\"},\"potentialAction\":[{\"@type\":\"SearchAction\",\"target\":{\"@type\":\"EntryPoint\",\"urlTemplate\":\"http:\\\/\\\/asbrindas.fr\\\/?s={search_term_string}\"},\"query-input\":{\"@type\":\"PropertyValueSpecification\",\"valueRequired\":true,\"valueName\":\"search_term_string\"}}],\"inLanguage\":\"fr-FR\"},{\"@type\":\"Organization\",\"@id\":\"http:\\\/\\\/asbrindas.fr\\\/#organization\",\"name\":\"Association Sportive de Brindas - ASB\",\"url\":\"http:\\\/\\\/asbrindas.fr\\\/\",\"logo\":{\"@type\":\"ImageObject\",\"inLanguage\":\"fr-FR\",\"@id\":\"http:\\\/\\\/asbrindas.fr\\\/#\\\/schema\\\/logo\\\/image\\\/\",\"url\":\"http:\\\/\\\/asbrindas.fr\\\/wp-content\\\/uploads\\\/2024\\\/07\\\/Logo-ASB-80.png\",\"contentUrl\":\"http:\\\/\\\/asbrindas.fr\\\/wp-content\\\/uploads\\\/2024\\\/07\\\/Logo-ASB-80.png\",\"width\":228,\"height\":219,\"caption\":\"Association Sportive de Brindas - ASB\"},\"image\":{\"@id\":\"http:\\\/\\\/asbrindas.fr\\\/#\\\/schema\\\/logo\\\/image\\\/\"}}]}<\/script>\n<!-- \/ Yoast SEO plugin. -->","yoast_head_json":{"title":"F\u00eate Gym Artistique","description":"Cliquez ici si vous souhaitez avoir tous les renseignements (horaires, lieu...) sur la f\u00eate de la Gym Artistique de Brindas avec l'ASB","robots":{"index":"index","follow":"follow","max-snippet":"max-snippet:-1","max-image-preview":"max-image-preview:large","max-video-preview":"max-video-preview:-1"},"canonical":"https:\/\/asbrindas.fr\/index.php\/fete-de-la-gym-artistique\/","og_locale":"fr_FR","og_type":"article","og_title":"F\u00eate Gym Artistique","og_description":"Cliquez ici si vous souhaitez avoir tous les renseignements (horaires, lieu...) sur la f\u00eate de la Gym Artistique de Brindas avec l'ASB","og_url":"https:\/\/asbrindas.fr\/index.php\/fete-de-la-gym-artistique\/","og_site_name":"Association Sportive de Brindas","article_modified_time":"2025-06-23T12:58:37+00:00","og_image":[{"url":"https:\/\/asbrindas.fr\/wp-content\/uploads\/2024\/12\/b430c8eb-de45-4a23-a383-25484efcad76-1024x768.jpg","type":"","width":"","height":""}],"twitter_card":"summary_large_image","twitter_misc":{"Dur\u00e9e de lecture estim\u00e9e":"3 minutes"},"schema":{"@context":"https:\/\/schema.org","@graph":[{"@type":"WebPage","@id":"https:\/\/asbrindas.fr\/index.php\/fete-de-la-gym-artistique\/","url":"https:\/\/asbrindas.fr\/index.php\/fete-de-la-gym-artistique\/","name":"F\u00eate Gym Artistique","isPartOf":{"@id":"http:\/\/asbrindas.fr\/#website"},"primaryImageOfPage":{"@id":"https:\/\/asbrindas.fr\/index.php\/fete-de-la-gym-artistique\/#primaryimage"},"image":{"@id":"https:\/\/asbrindas.fr\/index.php\/fete-de-la-gym-artistique\/#primaryimage"},"thumbnailUrl":"https:\/\/asbrindas.fr\/wp-content\/uploads\/2024\/12\/b430c8eb-de45-4a23-a383-25484efcad76-1024x768.jpg","datePublished":"2024-02-08T14:27:56+00:00","dateModified":"2025-06-23T12:58:37+00:00","description":"Cliquez ici si vous souhaitez avoir tous les renseignements (horaires, lieu...) sur la f\u00eate de la Gym Artistique de Brindas avec l'ASB","breadcrumb":{"@id":"https:\/\/asbrindas.fr\/index.php\/fete-de-la-gym-artistique\/#breadcrumb"},"inLanguage":"fr-FR","potentialAction":[{"@type":"ReadAction","target":["https:\/\/asbrindas.fr\/index.php\/fete-de-la-gym-artistique\/"]}]},{"@type":"ImageObject","inLanguage":"fr-FR","@id":"https:\/\/asbrindas.fr\/index.php\/fete-de-la-gym-artistique\/#primaryimage","url":"https:\/\/asbrindas.fr\/wp-content\/uploads\/2024\/12\/b430c8eb-de45-4a23-a383-25484efcad76.jpg","contentUrl":"https:\/\/asbrindas.fr\/wp-content\/uploads\/2024\/12\/b430c8eb-de45-4a23-a383-25484efcad76.jpg","width":2048,"height":1536},{"@type":"BreadcrumbList","@id":"https:\/\/asbrindas.fr\/index.php\/fete-de-la-gym-artistique\/#breadcrumb","itemListElement":[{"@type":"ListItem","position":1,"name":"Accueil","item":"http:\/\/asbrindas.fr\/"},{"@type":"ListItem","position":2,"name":"F\u00eate de la Gym Artistique"}]},{"@type":"WebSite","@id":"http:\/\/asbrindas.fr\/#website","url":"http:\/\/asbrindas.fr\/","name":"Association Sportive de Brindas - ASB","description":"Association Sportive Brindas","publisher":{"@id":"http:\/\/asbrindas.fr\/#organization"},"potentialAction":[{"@type":"SearchAction","target":{"@type":"EntryPoint","urlTemplate":"http:\/\/asbrindas.fr\/?s={search_term_string}"},"query-input":{"@type":"PropertyValueSpecification","valueRequired":true,"valueName":"search_term_string"}}],"inLanguage":"fr-FR"},{"@type":"Organization","@id":"http:\/\/asbrindas.fr\/#organization","name":"Association Sportive de Brindas - ASB","url":"http:\/\/asbrindas.fr\/","logo":{"@type":"ImageObject","inLanguage":"fr-FR","@id":"http:\/\/asbrindas.fr\/#\/schema\/logo\/image\/","url":"http:\/\/asbrindas.fr\/wp-content\/uploads\/2024\/07\/Logo-ASB-80.png","contentUrl":"http:\/\/asbrindas.fr\/wp-content\/uploads\/2024\/07\/Logo-ASB-80.png","width":228,"height":219,"caption":"Association Sportive de Brindas - ASB"},"image":{"@id":"http:\/\/asbrindas.fr\/#\/schema\/logo\/image\/"}}]}},"_links":{"self":[{"href":"https:\/\/asbrindas.fr\/index.php\/wp-json\/wp\/v2\/pages\/296","targetHints":{"allow":["GET"]}}],"collection":[{"href":"https:\/\/asbrindas.fr\/index.php\/wp-json\/wp\/v2\/pages"}],"about":[{"href":"https:\/\/asbrindas.fr\/index.php\/wp-json\/wp\/v2\/types\/page"}],"author":[{"embeddable":true,"href":"https:\/\/asbrindas.fr\/index.php\/wp-json\/wp\/v2\/users\/2"}],"replies":[{"embeddable":true,"href":"https:\/\/asbrindas.fr\/index.php\/wp-json\/wp\/v2\/comments?post=296"}],"version-history":[{"count":15,"href":"https:\/\/asbrindas.fr\/index.php\/wp-json\/wp\/v2\/pages\/296\/revisions"}],"predecessor-version":[{"id":1380,"href":"https:\/\/asbrindas.fr\/index.php\/wp-json\/wp\/v2\/pages\/296\/revisions\/1380"}],"wp:attachment":[{"href":"https:\/\/asbrindas.fr\/index.php\/wp-json\/wp\/v2\/media?parent=296"}],"curies":[{"name":"wp","href":"https:\/\/api.w.org\/{rel}","templated":true}]}}