{"id":302,"date":"2024-02-08T15:28:33","date_gmt":"2024-02-08T14:28:33","guid":{"rendered":"https:\/\/asbrindas.fr\/?page_id=302"},"modified":"2024-10-31T18:11:28","modified_gmt":"2024-10-31T17:11:28","slug":"presentation-modern-jazz","status":"publish","type":"page","link":"https:\/\/asbrindas.fr\/index.php\/presentation-modern-jazz\/","title":{"rendered":"Pr\u00e9sentation Modern Jazz"},"content":{"rendered":"\n<style>\nbody {\nbackground-color: #76CA2B;\n}\n<\/style>\n\n\n\n<div style=\"height:64px\" aria-hidden=\"true\" class=\"wp-block-spacer\"><\/div>\n\n\n\n<p>Danse modern-jazz et contemporaine :<\/p>\n\n\n\n<p>Nous accueillons les enfants d\u00e8s l\u2019\u00e2ge de 5 ans, les adolescents et les adultes, d\u00e9butants ou confirm\u00e9s.<\/p>\n\n\n\n<p>Nos cours se d\u00e9roulent les mardis et jeudis de 16h45 \u00e0 22h et le lundi de 17h \u00e0 19h.<\/p>\n\n\n\n<p>Tout commence par un \u00e9chauffement &#8230;<\/p>\n\n\n\n<p>Puis se succ\u00e8de toute une s\u00e9rie d&rsquo;exercices, ludiques d&rsquo;abord, pour les plus petits, et de plus en plus approfondis pour les plus grands afin d&rsquo;acqu\u00e9rir une technique et une maitrise de la danse Modern Jazz.<\/p>\n\n\n\n<p>L&rsquo;apprentissage d&rsquo;une chor\u00e9graphie vient compl\u00e9ter l&rsquo;activit\u00e9 qui se terminera par un moment de d\u00e9tente et\/ou \u00e9tirement pour rentrer chez soi tout serein.<\/p>\n\n\n\n<p>L&rsquo;\u00e9volution et la progression des \u00e9l\u00e8ves sont des valeurs importantes mais cela se passe dans une ambiance conviviale et r\u00e9pondant aux besoins de chacun.<\/p>\n","protected":false},"excerpt":{"rendered":"<p>Danse modern-jazz et contemporaine : Nous accueillons les enfants d\u00e8s l\u2019\u00e2ge de 5 ans, les adolescents et les adultes, d\u00e9butants<\/p>\n","protected":false},"author":2,"featured_media":0,"parent":0,"menu_order":0,"comment_status":"closed","ping_status":"closed","template":"","meta":{"footnotes":""},"class_list":["post-302","page","type-page","status-publish","hentry","comments-off"],"yoast_head":"<!-- This site is optimized with the Yoast SEO plugin v27.5 - https:\/\/yoast.com\/product\/yoast-seo-wordpress\/ -->\n<title>Pr\u00e9sentation Modern Jazz - Association Sportive de Brindas<\/title>\n<meta name=\"description\" content=\"Cliquez ici si vous souhaitez avoir une pr\u00e9sentation des cours de danse de modern jazz et de danse contemporaine \u00e0 Brindas avec l&#039;ASB\" \/>\n<meta name=\"robots\" content=\"index, follow, max-snippet:-1, max-image-preview:large, max-video-preview:-1\" \/>\n<link rel=\"canonical\" href=\"http:\/\/asbrindas.fr\/index.php\/presentation-modern-jazz\/\" \/>\n<meta property=\"og:locale\" content=\"fr_FR\" \/>\n<meta property=\"og:type\" content=\"article\" \/>\n<meta property=\"og:title\" content=\"Pr\u00e9sentation Modern Jazz - Association Sportive de Brindas\" \/>\n<meta property=\"og:description\" content=\"Cliquez ici si vous souhaitez avoir une pr\u00e9sentation des cours de danse de modern jazz et de danse contemporaine \u00e0 Brindas avec l&#039;ASB\" \/>\n<meta property=\"og:url\" content=\"http:\/\/asbrindas.fr\/index.php\/presentation-modern-jazz\/\" \/>\n<meta property=\"og:site_name\" content=\"Association Sportive de Brindas\" \/>\n<meta property=\"article:modified_time\" content=\"2024-10-31T17:11:28+00:00\" \/>\n<meta name=\"twitter:card\" content=\"summary_large_image\" \/>\n<meta name=\"twitter:label1\" content=\"Dur\u00e9e de lecture estim\u00e9e\" \/>\n\t<meta name=\"twitter:data1\" content=\"1 minute\" \/>\n<script type=\"application\/ld+json\" class=\"yoast-schema-graph\">{\"@context\":\"https:\\\/\\\/schema.org\",\"@graph\":[{\"@type\":\"WebPage\",\"@id\":\"http:\\\/\\\/asbrindas.fr\\\/index.php\\\/presentation-modern-jazz\\\/\",\"url\":\"http:\\\/\\\/asbrindas.fr\\\/index.php\\\/presentation-modern-jazz\\\/\",\"name\":\"Pr\u00e9sentation Modern Jazz - Association Sportive de Brindas\",\"isPartOf\":{\"@id\":\"http:\\\/\\\/asbrindas.fr\\\/#website\"},\"datePublished\":\"2024-02-08T14:28:33+00:00\",\"dateModified\":\"2024-10-31T17:11:28+00:00\",\"description\":\"Cliquez ici si vous souhaitez avoir une pr\u00e9sentation des cours de danse de modern jazz et de danse contemporaine \u00e0 Brindas avec l'ASB\",\"breadcrumb\":{\"@id\":\"http:\\\/\\\/asbrindas.fr\\\/index.php\\\/presentation-modern-jazz\\\/#breadcrumb\"},\"inLanguage\":\"fr-FR\",\"potentialAction\":[{\"@type\":\"ReadAction\",\"target\":[\"http:\\\/\\\/asbrindas.fr\\\/index.php\\\/presentation-modern-jazz\\\/\"]}]},{\"@type\":\"BreadcrumbList\",\"@id\":\"http:\\\/\\\/asbrindas.fr\\\/index.php\\\/presentation-modern-jazz\\\/#breadcrumb\",\"itemListElement\":[{\"@type\":\"ListItem\",\"position\":1,\"name\":\"Accueil\",\"item\":\"http:\\\/\\\/asbrindas.fr\\\/\"},{\"@type\":\"ListItem\",\"position\":2,\"name\":\"Pr\u00e9sentation Modern Jazz\"}]},{\"@type\":\"WebSite\",\"@id\":\"http:\\\/\\\/asbrindas.fr\\\/#website\",\"url\":\"http:\\\/\\\/asbrindas.fr\\\/\",\"name\":\"Association Sportive de Brindas - ASB\",\"description\":\"Association Sportive Brindas\",\"publisher\":{\"@id\":\"http:\\\/\\\/asbrindas.fr\\\/#organization\"},\"potentialAction\":[{\"@type\":\"SearchAction\",\"target\":{\"@type\":\"EntryPoint\",\"urlTemplate\":\"http:\\\/\\\/asbrindas.fr\\\/?s={search_term_string}\"},\"query-input\":{\"@type\":\"PropertyValueSpecification\",\"valueRequired\":true,\"valueName\":\"search_term_string\"}}],\"inLanguage\":\"fr-FR\"},{\"@type\":\"Organization\",\"@id\":\"http:\\\/\\\/asbrindas.fr\\\/#organization\",\"name\":\"Association Sportive de Brindas - ASB\",\"url\":\"http:\\\/\\\/asbrindas.fr\\\/\",\"logo\":{\"@type\":\"ImageObject\",\"inLanguage\":\"fr-FR\",\"@id\":\"http:\\\/\\\/asbrindas.fr\\\/#\\\/schema\\\/logo\\\/image\\\/\",\"url\":\"http:\\\/\\\/asbrindas.fr\\\/wp-content\\\/uploads\\\/2024\\\/07\\\/Logo-ASB-80.png\",\"contentUrl\":\"http:\\\/\\\/asbrindas.fr\\\/wp-content\\\/uploads\\\/2024\\\/07\\\/Logo-ASB-80.png\",\"width\":228,\"height\":219,\"caption\":\"Association Sportive de Brindas - ASB\"},\"image\":{\"@id\":\"http:\\\/\\\/asbrindas.fr\\\/#\\\/schema\\\/logo\\\/image\\\/\"}}]}<\/script>\n<!-- \/ Yoast SEO plugin. -->","yoast_head_json":{"title":"Pr\u00e9sentation Modern Jazz - Association Sportive de Brindas","description":"Cliquez ici si vous souhaitez avoir une pr\u00e9sentation des cours de danse de modern jazz et de danse contemporaine \u00e0 Brindas avec l'ASB","robots":{"index":"index","follow":"follow","max-snippet":"max-snippet:-1","max-image-preview":"max-image-preview:large","max-video-preview":"max-video-preview:-1"},"canonical":"http:\/\/asbrindas.fr\/index.php\/presentation-modern-jazz\/","og_locale":"fr_FR","og_type":"article","og_title":"Pr\u00e9sentation Modern Jazz - Association Sportive de Brindas","og_description":"Cliquez ici si vous souhaitez avoir une pr\u00e9sentation des cours de danse de modern jazz et de danse contemporaine \u00e0 Brindas avec l'ASB","og_url":"http:\/\/asbrindas.fr\/index.php\/presentation-modern-jazz\/","og_site_name":"Association Sportive de Brindas","article_modified_time":"2024-10-31T17:11:28+00:00","twitter_card":"summary_large_image","twitter_misc":{"Dur\u00e9e de lecture estim\u00e9e":"1 minute"},"schema":{"@context":"https:\/\/schema.org","@graph":[{"@type":"WebPage","@id":"http:\/\/asbrindas.fr\/index.php\/presentation-modern-jazz\/","url":"http:\/\/asbrindas.fr\/index.php\/presentation-modern-jazz\/","name":"Pr\u00e9sentation Modern Jazz - Association Sportive de Brindas","isPartOf":{"@id":"http:\/\/asbrindas.fr\/#website"},"datePublished":"2024-02-08T14:28:33+00:00","dateModified":"2024-10-31T17:11:28+00:00","description":"Cliquez ici si vous souhaitez avoir une pr\u00e9sentation des cours de danse de modern jazz et de danse contemporaine \u00e0 Brindas avec l'ASB","breadcrumb":{"@id":"http:\/\/asbrindas.fr\/index.php\/presentation-modern-jazz\/#breadcrumb"},"inLanguage":"fr-FR","potentialAction":[{"@type":"ReadAction","target":["http:\/\/asbrindas.fr\/index.php\/presentation-modern-jazz\/"]}]},{"@type":"BreadcrumbList","@id":"http:\/\/asbrindas.fr\/index.php\/presentation-modern-jazz\/#breadcrumb","itemListElement":[{"@type":"ListItem","position":1,"name":"Accueil","item":"http:\/\/asbrindas.fr\/"},{"@type":"ListItem","position":2,"name":"Pr\u00e9sentation Modern Jazz"}]},{"@type":"WebSite","@id":"http:\/\/asbrindas.fr\/#website","url":"http:\/\/asbrindas.fr\/","name":"Association Sportive de Brindas - ASB","description":"Association Sportive Brindas","publisher":{"@id":"http:\/\/asbrindas.fr\/#organization"},"potentialAction":[{"@type":"SearchAction","target":{"@type":"EntryPoint","urlTemplate":"http:\/\/asbrindas.fr\/?s={search_term_string}"},"query-input":{"@type":"PropertyValueSpecification","valueRequired":true,"valueName":"search_term_string"}}],"inLanguage":"fr-FR"},{"@type":"Organization","@id":"http:\/\/asbrindas.fr\/#organization","name":"Association Sportive de Brindas - ASB","url":"http:\/\/asbrindas.fr\/","logo":{"@type":"ImageObject","inLanguage":"fr-FR","@id":"http:\/\/asbrindas.fr\/#\/schema\/logo\/image\/","url":"http:\/\/asbrindas.fr\/wp-content\/uploads\/2024\/07\/Logo-ASB-80.png","contentUrl":"http:\/\/asbrindas.fr\/wp-content\/uploads\/2024\/07\/Logo-ASB-80.png","width":228,"height":219,"caption":"Association Sportive de Brindas - ASB"},"image":{"@id":"http:\/\/asbrindas.fr\/#\/schema\/logo\/image\/"}}]}},"_links":{"self":[{"href":"https:\/\/asbrindas.fr\/index.php\/wp-json\/wp\/v2\/pages\/302","targetHints":{"allow":["GET"]}}],"collection":[{"href":"https:\/\/asbrindas.fr\/index.php\/wp-json\/wp\/v2\/pages"}],"about":[{"href":"https:\/\/asbrindas.fr\/index.php\/wp-json\/wp\/v2\/types\/page"}],"author":[{"embeddable":true,"href":"https:\/\/asbrindas.fr\/index.php\/wp-json\/wp\/v2\/users\/2"}],"replies":[{"embeddable":true,"href":"https:\/\/asbrindas.fr\/index.php\/wp-json\/wp\/v2\/comments?post=302"}],"version-history":[{"count":11,"href":"https:\/\/asbrindas.fr\/index.php\/wp-json\/wp\/v2\/pages\/302\/revisions"}],"predecessor-version":[{"id":754,"href":"https:\/\/asbrindas.fr\/index.php\/wp-json\/wp\/v2\/pages\/302\/revisions\/754"}],"wp:attachment":[{"href":"https:\/\/asbrindas.fr\/index.php\/wp-json\/wp\/v2\/media?parent=302"}],"curies":[{"name":"wp","href":"https:\/\/api.w.org\/{rel}","templated":true}]}}