{"id":304,"date":"2024-02-08T15:28:46","date_gmt":"2024-02-08T14:28:46","guid":{"rendered":"https:\/\/asbrindas.fr\/?page_id=304"},"modified":"2025-07-14T14:29:23","modified_gmt":"2025-07-14T12:29:23","slug":"inscription-modern-jazz-asb","status":"publish","type":"page","link":"https:\/\/asbrindas.fr\/index.php\/inscription-modern-jazz-asb\/","title":{"rendered":"Modern Jazz"},"content":{"rendered":"\n<style>\nbody {\nbackground-color: #76CA2B;\n}\n<\/style>\n\n\n\n<p class=\"has-accent-color has-text-color has-link-color wp-elements-87240ff7a41a3d407f6e3225e02e94c7\">Quand, o\u00f9, avec qui :<\/p>\n\n\n\n<figure class=\"wp-block-table\"><table><thead><tr><th>Quand<\/th><th>Horaire<\/th><th>O\u00f9<\/th><\/tr><\/thead><tbody><tr><td>Mardi<\/td><td>17h30 &#8211; 22h00<\/td><td>A la salle d&rsquo;\u00e9volution de l&rsquo;\u00e9cole de la Tour<\/td><\/tr><tr><td>Jeudi<\/td><td>17h30 &#8211; 22h00<\/td><td>A la salle d&rsquo;\u00e9volution de l&rsquo;\u00e9cole de la Tour<\/td><\/tr><\/tbody><\/table><\/figure>\n\n\n\n<p>Avec Isabelle :<\/p>\n\n\n\n<div class=\"wp-block-columns is-layout-flex wp-container-core-columns-is-layout-9d6595d7 wp-block-columns-is-layout-flex\">\n<div class=\"wp-block-column is-layout-flow wp-block-column-is-layout-flow\">\n<figure class=\"wp-block-image size-full is-resized is-style-rounded\"><img loading=\"lazy\" decoding=\"async\" width=\"315\" height=\"493\" src=\"https:\/\/asbrindas.fr\/wp-content\/uploads\/2025\/06\/isabelle.jpg\" alt=\"\" class=\"wp-image-1401\" style=\"width:217px;height:auto\" srcset=\"https:\/\/asbrindas.fr\/wp-content\/uploads\/2025\/06\/isabelle.jpg 315w, https:\/\/asbrindas.fr\/wp-content\/uploads\/2025\/06\/isabelle-192x300.jpg 192w\" sizes=\"auto, (max-width: 315px) 100vw, 315px\" \/><\/figure>\n<\/div>\n\n\n\n<div class=\"wp-block-column is-layout-flow wp-block-column-is-layout-flow\">\n<p><br><br><strong>Cours ouverts :<\/strong><\/p>\n\n\n\n<ul class=\"wp-block-list\">\n<li><strong>aux enfants d\u00e8s 5 ans<\/strong><\/li>\n\n\n\n<li><strong>aux adolescent(e)s<\/strong><\/li>\n\n\n\n<li><strong>aux adultes<\/strong><\/li>\n<\/ul>\n<\/div>\n<\/div>\n\n\n\n<p class=\"has-accent-color has-text-color has-link-color wp-elements-204e5eb71bec2e364ade28a5142c2bbf\">Tarif :<\/p>\n\n\n\n<p>192 \u20ac \u00e0 312 \u20ac en fonction de la dur\u00e9e des cours + 10 \u20ac adh\u00e9sion ASB pour l&rsquo;ann\u00e9e<\/p>\n\n\n\n<p class=\"has-accent-color has-text-color has-link-color wp-elements-efe6e9972695ccf8363c8d4836e25cf4\">Renseignements :<\/p>\n\n\n\n<p>asbrindas.modernjazz@gmail.com<\/p>\n","protected":false},"excerpt":{"rendered":"<p>Quand, o\u00f9, avec qui : Quand Horaire O\u00f9 Mardi 17h30 &#8211; 22h00 A la salle d&rsquo;\u00e9volution de l&rsquo;\u00e9cole de la<\/p>\n","protected":false},"author":2,"featured_media":0,"parent":0,"menu_order":0,"comment_status":"closed","ping_status":"closed","template":"","meta":{"footnotes":""},"class_list":["post-304","page","type-page","status-publish","hentry","comments-off"],"yoast_head":"<!-- This site is optimized with the Yoast SEO plugin v27.3 - https:\/\/yoast.com\/product\/yoast-seo-wordpress\/ -->\n<title>Inscription Modern Jazz ASB<\/title>\n<meta name=\"description\" content=\"Cliquez ici si vous souhaitez avoir tous les renseignements (horaires, lieu...) sur l&#039;inscription au Modern Jazz \u00e0 Brindas avec l&#039;ASB\" \/>\n<meta name=\"robots\" content=\"index, follow, max-snippet:-1, max-image-preview:large, max-video-preview:-1\" \/>\n<link rel=\"canonical\" href=\"https:\/\/asbrindas.fr\/index.php\/inscription-modern-jazz-asb\/\" \/>\n<meta property=\"og:locale\" content=\"fr_FR\" \/>\n<meta property=\"og:type\" content=\"article\" \/>\n<meta property=\"og:title\" content=\"Inscription Modern Jazz ASB\" \/>\n<meta property=\"og:description\" content=\"Cliquez ici si vous souhaitez avoir tous les renseignements (horaires, lieu...) sur l&#039;inscription au Modern Jazz \u00e0 Brindas avec l&#039;ASB\" \/>\n<meta property=\"og:url\" content=\"https:\/\/asbrindas.fr\/index.php\/inscription-modern-jazz-asb\/\" \/>\n<meta property=\"og:site_name\" content=\"Association Sportive de Brindas\" \/>\n<meta property=\"article:modified_time\" content=\"2025-07-14T12:29:23+00:00\" \/>\n<meta property=\"og:image\" content=\"https:\/\/asbrindas.fr\/wp-content\/uploads\/2025\/06\/isabelle.jpg\" \/>\n<meta name=\"twitter:card\" content=\"summary_large_image\" \/>\n<meta name=\"twitter:label1\" content=\"Dur\u00e9e de lecture estim\u00e9e\" \/>\n\t<meta name=\"twitter:data1\" content=\"1 minute\" \/>\n<script type=\"application\/ld+json\" class=\"yoast-schema-graph\">{\"@context\":\"https:\\\/\\\/schema.org\",\"@graph\":[{\"@type\":\"WebPage\",\"@id\":\"https:\\\/\\\/asbrindas.fr\\\/index.php\\\/inscription-modern-jazz-asb\\\/\",\"url\":\"https:\\\/\\\/asbrindas.fr\\\/index.php\\\/inscription-modern-jazz-asb\\\/\",\"name\":\"Inscription Modern Jazz ASB\",\"isPartOf\":{\"@id\":\"http:\\\/\\\/asbrindas.fr\\\/#website\"},\"primaryImageOfPage\":{\"@id\":\"https:\\\/\\\/asbrindas.fr\\\/index.php\\\/inscription-modern-jazz-asb\\\/#primaryimage\"},\"image\":{\"@id\":\"https:\\\/\\\/asbrindas.fr\\\/index.php\\\/inscription-modern-jazz-asb\\\/#primaryimage\"},\"thumbnailUrl\":\"https:\\\/\\\/asbrindas.fr\\\/wp-content\\\/uploads\\\/2025\\\/06\\\/isabelle.jpg\",\"datePublished\":\"2024-02-08T14:28:46+00:00\",\"dateModified\":\"2025-07-14T12:29:23+00:00\",\"description\":\"Cliquez ici si vous souhaitez avoir tous les renseignements (horaires, lieu...) sur l'inscription au Modern Jazz \u00e0 Brindas avec l'ASB\",\"breadcrumb\":{\"@id\":\"https:\\\/\\\/asbrindas.fr\\\/index.php\\\/inscription-modern-jazz-asb\\\/#breadcrumb\"},\"inLanguage\":\"fr-FR\",\"potentialAction\":[{\"@type\":\"ReadAction\",\"target\":[\"https:\\\/\\\/asbrindas.fr\\\/index.php\\\/inscription-modern-jazz-asb\\\/\"]}]},{\"@type\":\"ImageObject\",\"inLanguage\":\"fr-FR\",\"@id\":\"https:\\\/\\\/asbrindas.fr\\\/index.php\\\/inscription-modern-jazz-asb\\\/#primaryimage\",\"url\":\"https:\\\/\\\/asbrindas.fr\\\/wp-content\\\/uploads\\\/2025\\\/06\\\/isabelle.jpg\",\"contentUrl\":\"https:\\\/\\\/asbrindas.fr\\\/wp-content\\\/uploads\\\/2025\\\/06\\\/isabelle.jpg\",\"width\":315,\"height\":493},{\"@type\":\"BreadcrumbList\",\"@id\":\"https:\\\/\\\/asbrindas.fr\\\/index.php\\\/inscription-modern-jazz-asb\\\/#breadcrumb\",\"itemListElement\":[{\"@type\":\"ListItem\",\"position\":1,\"name\":\"Accueil\",\"item\":\"http:\\\/\\\/asbrindas.fr\\\/\"},{\"@type\":\"ListItem\",\"position\":2,\"name\":\"Modern Jazz\"}]},{\"@type\":\"WebSite\",\"@id\":\"http:\\\/\\\/asbrindas.fr\\\/#website\",\"url\":\"http:\\\/\\\/asbrindas.fr\\\/\",\"name\":\"Association Sportive de Brindas - ASB\",\"description\":\"Association Sportive Brindas\",\"publisher\":{\"@id\":\"http:\\\/\\\/asbrindas.fr\\\/#organization\"},\"potentialAction\":[{\"@type\":\"SearchAction\",\"target\":{\"@type\":\"EntryPoint\",\"urlTemplate\":\"http:\\\/\\\/asbrindas.fr\\\/?s={search_term_string}\"},\"query-input\":{\"@type\":\"PropertyValueSpecification\",\"valueRequired\":true,\"valueName\":\"search_term_string\"}}],\"inLanguage\":\"fr-FR\"},{\"@type\":\"Organization\",\"@id\":\"http:\\\/\\\/asbrindas.fr\\\/#organization\",\"name\":\"Association Sportive de Brindas - ASB\",\"url\":\"http:\\\/\\\/asbrindas.fr\\\/\",\"logo\":{\"@type\":\"ImageObject\",\"inLanguage\":\"fr-FR\",\"@id\":\"http:\\\/\\\/asbrindas.fr\\\/#\\\/schema\\\/logo\\\/image\\\/\",\"url\":\"http:\\\/\\\/asbrindas.fr\\\/wp-content\\\/uploads\\\/2024\\\/07\\\/Logo-ASB-80.png\",\"contentUrl\":\"http:\\\/\\\/asbrindas.fr\\\/wp-content\\\/uploads\\\/2024\\\/07\\\/Logo-ASB-80.png\",\"width\":228,\"height\":219,\"caption\":\"Association Sportive de Brindas - ASB\"},\"image\":{\"@id\":\"http:\\\/\\\/asbrindas.fr\\\/#\\\/schema\\\/logo\\\/image\\\/\"}}]}<\/script>\n<!-- \/ Yoast SEO plugin. -->","yoast_head_json":{"title":"Inscription Modern Jazz ASB","description":"Cliquez ici si vous souhaitez avoir tous les renseignements (horaires, lieu...) sur l'inscription au Modern Jazz \u00e0 Brindas avec l'ASB","robots":{"index":"index","follow":"follow","max-snippet":"max-snippet:-1","max-image-preview":"max-image-preview:large","max-video-preview":"max-video-preview:-1"},"canonical":"https:\/\/asbrindas.fr\/index.php\/inscription-modern-jazz-asb\/","og_locale":"fr_FR","og_type":"article","og_title":"Inscription Modern Jazz ASB","og_description":"Cliquez ici si vous souhaitez avoir tous les renseignements (horaires, lieu...) sur l'inscription au Modern Jazz \u00e0 Brindas avec l'ASB","og_url":"https:\/\/asbrindas.fr\/index.php\/inscription-modern-jazz-asb\/","og_site_name":"Association Sportive de Brindas","article_modified_time":"2025-07-14T12:29:23+00:00","og_image":[{"url":"https:\/\/asbrindas.fr\/wp-content\/uploads\/2025\/06\/isabelle.jpg","type":"","width":"","height":""}],"twitter_card":"summary_large_image","twitter_misc":{"Dur\u00e9e de lecture estim\u00e9e":"1 minute"},"schema":{"@context":"https:\/\/schema.org","@graph":[{"@type":"WebPage","@id":"https:\/\/asbrindas.fr\/index.php\/inscription-modern-jazz-asb\/","url":"https:\/\/asbrindas.fr\/index.php\/inscription-modern-jazz-asb\/","name":"Inscription Modern Jazz ASB","isPartOf":{"@id":"http:\/\/asbrindas.fr\/#website"},"primaryImageOfPage":{"@id":"https:\/\/asbrindas.fr\/index.php\/inscription-modern-jazz-asb\/#primaryimage"},"image":{"@id":"https:\/\/asbrindas.fr\/index.php\/inscription-modern-jazz-asb\/#primaryimage"},"thumbnailUrl":"https:\/\/asbrindas.fr\/wp-content\/uploads\/2025\/06\/isabelle.jpg","datePublished":"2024-02-08T14:28:46+00:00","dateModified":"2025-07-14T12:29:23+00:00","description":"Cliquez ici si vous souhaitez avoir tous les renseignements (horaires, lieu...) sur l'inscription au Modern Jazz \u00e0 Brindas avec l'ASB","breadcrumb":{"@id":"https:\/\/asbrindas.fr\/index.php\/inscription-modern-jazz-asb\/#breadcrumb"},"inLanguage":"fr-FR","potentialAction":[{"@type":"ReadAction","target":["https:\/\/asbrindas.fr\/index.php\/inscription-modern-jazz-asb\/"]}]},{"@type":"ImageObject","inLanguage":"fr-FR","@id":"https:\/\/asbrindas.fr\/index.php\/inscription-modern-jazz-asb\/#primaryimage","url":"https:\/\/asbrindas.fr\/wp-content\/uploads\/2025\/06\/isabelle.jpg","contentUrl":"https:\/\/asbrindas.fr\/wp-content\/uploads\/2025\/06\/isabelle.jpg","width":315,"height":493},{"@type":"BreadcrumbList","@id":"https:\/\/asbrindas.fr\/index.php\/inscription-modern-jazz-asb\/#breadcrumb","itemListElement":[{"@type":"ListItem","position":1,"name":"Accueil","item":"http:\/\/asbrindas.fr\/"},{"@type":"ListItem","position":2,"name":"Modern Jazz"}]},{"@type":"WebSite","@id":"http:\/\/asbrindas.fr\/#website","url":"http:\/\/asbrindas.fr\/","name":"Association Sportive de Brindas - ASB","description":"Association Sportive Brindas","publisher":{"@id":"http:\/\/asbrindas.fr\/#organization"},"potentialAction":[{"@type":"SearchAction","target":{"@type":"EntryPoint","urlTemplate":"http:\/\/asbrindas.fr\/?s={search_term_string}"},"query-input":{"@type":"PropertyValueSpecification","valueRequired":true,"valueName":"search_term_string"}}],"inLanguage":"fr-FR"},{"@type":"Organization","@id":"http:\/\/asbrindas.fr\/#organization","name":"Association Sportive de Brindas - ASB","url":"http:\/\/asbrindas.fr\/","logo":{"@type":"ImageObject","inLanguage":"fr-FR","@id":"http:\/\/asbrindas.fr\/#\/schema\/logo\/image\/","url":"http:\/\/asbrindas.fr\/wp-content\/uploads\/2024\/07\/Logo-ASB-80.png","contentUrl":"http:\/\/asbrindas.fr\/wp-content\/uploads\/2024\/07\/Logo-ASB-80.png","width":228,"height":219,"caption":"Association Sportive de Brindas - ASB"},"image":{"@id":"http:\/\/asbrindas.fr\/#\/schema\/logo\/image\/"}}]}},"_links":{"self":[{"href":"https:\/\/asbrindas.fr\/index.php\/wp-json\/wp\/v2\/pages\/304","targetHints":{"allow":["GET"]}}],"collection":[{"href":"https:\/\/asbrindas.fr\/index.php\/wp-json\/wp\/v2\/pages"}],"about":[{"href":"https:\/\/asbrindas.fr\/index.php\/wp-json\/wp\/v2\/types\/page"}],"author":[{"embeddable":true,"href":"https:\/\/asbrindas.fr\/index.php\/wp-json\/wp\/v2\/users\/2"}],"replies":[{"embeddable":true,"href":"https:\/\/asbrindas.fr\/index.php\/wp-json\/wp\/v2\/comments?post=304"}],"version-history":[{"count":9,"href":"https:\/\/asbrindas.fr\/index.php\/wp-json\/wp\/v2\/pages\/304\/revisions"}],"predecessor-version":[{"id":1422,"href":"https:\/\/asbrindas.fr\/index.php\/wp-json\/wp\/v2\/pages\/304\/revisions\/1422"}],"wp:attachment":[{"href":"https:\/\/asbrindas.fr\/index.php\/wp-json\/wp\/v2\/media?parent=304"}],"curies":[{"name":"wp","href":"https:\/\/api.w.org\/{rel}","templated":true}]}}