{"id":319,"date":"2024-02-08T15:31:08","date_gmt":"2024-02-08T14:31:08","guid":{"rendered":"https:\/\/asbrindas.fr\/?page_id=319"},"modified":"2026-01-12T18:58:54","modified_gmt":"2026-01-12T17:58:54","slug":"stages-multi-sports","status":"publish","type":"page","link":"https:\/\/asbrindas.fr\/index.php\/stages-multi-sports\/","title":{"rendered":"Stages Multi Sports et Gym Artistique"},"content":{"rendered":"\n<style>\nbody {\nbackground-color: #F58B4E;\n}\n<\/style>\n\n\n\n<p>L&rsquo;ASB vous propose des stages comprenant de la gym artistique et du multi sports pour les enfants de 7 \u00e0 15 ans pendant les vacances scolaires.<\/p>\n\n\n\n<p class=\"has-accent-color has-text-color has-link-color wp-elements-e12fb2f12f051e21bad76c3eb2ac24f2\">Voici les dates pour la saison 2025-2026 :<\/p>\n\n\n\n<ul class=\"wp-block-list\">\n<li>du 27 au 31 octobre 2025<\/li>\n\n\n\n<li>du 16 au 20 f\u00e9vrier 2026<\/li>\n\n\n\n<li>du 07 au 10 avril 2026<\/li>\n\n\n\n<li>du 06 au 10 juillet 2026<\/li>\n\n\n\n<li>du 13 au 17 juillet 2026<\/li>\n<\/ul>\n\n\n\n<p class=\"has-accent-color has-text-color has-link-color wp-elements-fc896c4939b3a51598abda1dbe17d3fe\">Tarifs :<\/p>\n\n\n\n<ul class=\"wp-block-list\">\n<li>165 \u20ac pour la semaine ou 35\u20ac par jour pour les adh\u00e9rents ASB<\/li>\n\n\n\n<li>180 \u20ac pour la semaine ou 38\u20ac par jour pour les non adh\u00e9rents ASB<\/li>\n<\/ul>\n\n\n\n<p class=\"has-accent-color has-text-color has-link-color wp-elements-5a4e7ebb56feb7f86ea7be4816391d35\">Renseignements : <\/p>\n\n\n\n<p>stageasb@gmail.com<\/p>\n\n\n\n<p>Vous trouverez ci-joint le flyer \u00e0 remplir et \u00e0 retourner avec votre r\u00e8glement :<\/p>\n\n\n\n<p><\/p>\n\n\n\n<div class=\"wp-block-file\"><a id=\"wp-block-file--media-fce5c291-d150-40f3-8154-a2287a100f33\" href=\"https:\/\/asbrindas.fr\/wp-content\/uploads\/2025\/06\/renseignements-stage-multisport-2025-2026-1.pdf\" target=\"_blank\" rel=\"noreferrer noopener\">renseignements stage multisport 2025-2026<\/a><a href=\"https:\/\/asbrindas.fr\/wp-content\/uploads\/2025\/06\/renseignements-stage-multisport-2025-2026-1.pdf\" class=\"wp-block-file__button wp-element-button\" download aria-describedby=\"wp-block-file--media-fce5c291-d150-40f3-8154-a2287a100f33\">T\u00e9l\u00e9charger<\/a><\/div>\n","protected":false},"excerpt":{"rendered":"<p>L&rsquo;ASB vous propose des stages comprenant de la gym artistique et du multi sports pour les enfants de 7 \u00e0<\/p>\n","protected":false},"author":2,"featured_media":0,"parent":0,"menu_order":0,"comment_status":"closed","ping_status":"closed","template":"","meta":{"footnotes":""},"class_list":["post-319","page","type-page","status-publish","hentry","comments-off"],"yoast_head":"<!-- This site is optimized with the Yoast SEO plugin v27.4 - https:\/\/yoast.com\/product\/yoast-seo-wordpress\/ -->\n<title>Stages Multi Sports et Gym Artistique - Association Sportive de Brindas<\/title>\n<meta name=\"description\" content=\"Cliquez ici si vous souhaitez avoir tous les renseignements (jours, horaires, prix...) sur les stages multi sports \u00e0 Brindas avec l&#039;ASB\" \/>\n<meta name=\"robots\" content=\"index, follow, max-snippet:-1, max-image-preview:large, max-video-preview:-1\" \/>\n<link rel=\"canonical\" href=\"https:\/\/asbrindas.fr\/index.php\/stages-multi-sports\/\" \/>\n<meta property=\"og:locale\" content=\"fr_FR\" \/>\n<meta property=\"og:type\" content=\"article\" \/>\n<meta property=\"og:title\" content=\"Stages Multi Sports et Gym Artistique - Association Sportive de Brindas\" \/>\n<meta property=\"og:description\" content=\"Cliquez ici si vous souhaitez avoir tous les renseignements (jours, horaires, prix...) sur les stages multi sports \u00e0 Brindas avec l&#039;ASB\" \/>\n<meta property=\"og:url\" content=\"https:\/\/asbrindas.fr\/index.php\/stages-multi-sports\/\" \/>\n<meta property=\"og:site_name\" content=\"Association Sportive de Brindas\" \/>\n<meta property=\"article:modified_time\" content=\"2026-01-12T17:58:54+00:00\" \/>\n<meta name=\"twitter:card\" content=\"summary_large_image\" \/>\n<meta name=\"twitter:label1\" content=\"Dur\u00e9e de lecture estim\u00e9e\" \/>\n\t<meta name=\"twitter:data1\" content=\"1 minute\" \/>\n<script type=\"application\/ld+json\" class=\"yoast-schema-graph\">{\"@context\":\"https:\\\/\\\/schema.org\",\"@graph\":[{\"@type\":\"WebPage\",\"@id\":\"https:\\\/\\\/asbrindas.fr\\\/index.php\\\/stages-multi-sports\\\/\",\"url\":\"https:\\\/\\\/asbrindas.fr\\\/index.php\\\/stages-multi-sports\\\/\",\"name\":\"Stages Multi Sports et Gym Artistique - Association Sportive de Brindas\",\"isPartOf\":{\"@id\":\"http:\\\/\\\/asbrindas.fr\\\/#website\"},\"datePublished\":\"2024-02-08T14:31:08+00:00\",\"dateModified\":\"2026-01-12T17:58:54+00:00\",\"description\":\"Cliquez ici si vous souhaitez avoir tous les renseignements (jours, horaires, prix...) sur les stages multi sports \u00e0 Brindas avec l'ASB\",\"breadcrumb\":{\"@id\":\"https:\\\/\\\/asbrindas.fr\\\/index.php\\\/stages-multi-sports\\\/#breadcrumb\"},\"inLanguage\":\"fr-FR\",\"potentialAction\":[{\"@type\":\"ReadAction\",\"target\":[\"https:\\\/\\\/asbrindas.fr\\\/index.php\\\/stages-multi-sports\\\/\"]}]},{\"@type\":\"BreadcrumbList\",\"@id\":\"https:\\\/\\\/asbrindas.fr\\\/index.php\\\/stages-multi-sports\\\/#breadcrumb\",\"itemListElement\":[{\"@type\":\"ListItem\",\"position\":1,\"name\":\"Accueil\",\"item\":\"http:\\\/\\\/asbrindas.fr\\\/\"},{\"@type\":\"ListItem\",\"position\":2,\"name\":\"Stages Multi Sports et Gym Artistique\"}]},{\"@type\":\"WebSite\",\"@id\":\"http:\\\/\\\/asbrindas.fr\\\/#website\",\"url\":\"http:\\\/\\\/asbrindas.fr\\\/\",\"name\":\"Association Sportive de Brindas - ASB\",\"description\":\"Association Sportive Brindas\",\"publisher\":{\"@id\":\"http:\\\/\\\/asbrindas.fr\\\/#organization\"},\"potentialAction\":[{\"@type\":\"SearchAction\",\"target\":{\"@type\":\"EntryPoint\",\"urlTemplate\":\"http:\\\/\\\/asbrindas.fr\\\/?s={search_term_string}\"},\"query-input\":{\"@type\":\"PropertyValueSpecification\",\"valueRequired\":true,\"valueName\":\"search_term_string\"}}],\"inLanguage\":\"fr-FR\"},{\"@type\":\"Organization\",\"@id\":\"http:\\\/\\\/asbrindas.fr\\\/#organization\",\"name\":\"Association Sportive de Brindas - ASB\",\"url\":\"http:\\\/\\\/asbrindas.fr\\\/\",\"logo\":{\"@type\":\"ImageObject\",\"inLanguage\":\"fr-FR\",\"@id\":\"http:\\\/\\\/asbrindas.fr\\\/#\\\/schema\\\/logo\\\/image\\\/\",\"url\":\"http:\\\/\\\/asbrindas.fr\\\/wp-content\\\/uploads\\\/2024\\\/07\\\/Logo-ASB-80.png\",\"contentUrl\":\"http:\\\/\\\/asbrindas.fr\\\/wp-content\\\/uploads\\\/2024\\\/07\\\/Logo-ASB-80.png\",\"width\":228,\"height\":219,\"caption\":\"Association Sportive de Brindas - ASB\"},\"image\":{\"@id\":\"http:\\\/\\\/asbrindas.fr\\\/#\\\/schema\\\/logo\\\/image\\\/\"}}]}<\/script>\n<!-- \/ Yoast SEO plugin. -->","yoast_head_json":{"title":"Stages Multi Sports et Gym Artistique - Association Sportive de Brindas","description":"Cliquez ici si vous souhaitez avoir tous les renseignements (jours, horaires, prix...) sur les stages multi sports \u00e0 Brindas avec l'ASB","robots":{"index":"index","follow":"follow","max-snippet":"max-snippet:-1","max-image-preview":"max-image-preview:large","max-video-preview":"max-video-preview:-1"},"canonical":"https:\/\/asbrindas.fr\/index.php\/stages-multi-sports\/","og_locale":"fr_FR","og_type":"article","og_title":"Stages Multi Sports et Gym Artistique - Association Sportive de Brindas","og_description":"Cliquez ici si vous souhaitez avoir tous les renseignements (jours, horaires, prix...) sur les stages multi sports \u00e0 Brindas avec l'ASB","og_url":"https:\/\/asbrindas.fr\/index.php\/stages-multi-sports\/","og_site_name":"Association Sportive de Brindas","article_modified_time":"2026-01-12T17:58:54+00:00","twitter_card":"summary_large_image","twitter_misc":{"Dur\u00e9e de lecture estim\u00e9e":"1 minute"},"schema":{"@context":"https:\/\/schema.org","@graph":[{"@type":"WebPage","@id":"https:\/\/asbrindas.fr\/index.php\/stages-multi-sports\/","url":"https:\/\/asbrindas.fr\/index.php\/stages-multi-sports\/","name":"Stages Multi Sports et Gym Artistique - Association Sportive de Brindas","isPartOf":{"@id":"http:\/\/asbrindas.fr\/#website"},"datePublished":"2024-02-08T14:31:08+00:00","dateModified":"2026-01-12T17:58:54+00:00","description":"Cliquez ici si vous souhaitez avoir tous les renseignements (jours, horaires, prix...) sur les stages multi sports \u00e0 Brindas avec l'ASB","breadcrumb":{"@id":"https:\/\/asbrindas.fr\/index.php\/stages-multi-sports\/#breadcrumb"},"inLanguage":"fr-FR","potentialAction":[{"@type":"ReadAction","target":["https:\/\/asbrindas.fr\/index.php\/stages-multi-sports\/"]}]},{"@type":"BreadcrumbList","@id":"https:\/\/asbrindas.fr\/index.php\/stages-multi-sports\/#breadcrumb","itemListElement":[{"@type":"ListItem","position":1,"name":"Accueil","item":"http:\/\/asbrindas.fr\/"},{"@type":"ListItem","position":2,"name":"Stages Multi Sports et Gym Artistique"}]},{"@type":"WebSite","@id":"http:\/\/asbrindas.fr\/#website","url":"http:\/\/asbrindas.fr\/","name":"Association Sportive de Brindas - ASB","description":"Association Sportive Brindas","publisher":{"@id":"http:\/\/asbrindas.fr\/#organization"},"potentialAction":[{"@type":"SearchAction","target":{"@type":"EntryPoint","urlTemplate":"http:\/\/asbrindas.fr\/?s={search_term_string}"},"query-input":{"@type":"PropertyValueSpecification","valueRequired":true,"valueName":"search_term_string"}}],"inLanguage":"fr-FR"},{"@type":"Organization","@id":"http:\/\/asbrindas.fr\/#organization","name":"Association Sportive de Brindas - ASB","url":"http:\/\/asbrindas.fr\/","logo":{"@type":"ImageObject","inLanguage":"fr-FR","@id":"http:\/\/asbrindas.fr\/#\/schema\/logo\/image\/","url":"http:\/\/asbrindas.fr\/wp-content\/uploads\/2024\/07\/Logo-ASB-80.png","contentUrl":"http:\/\/asbrindas.fr\/wp-content\/uploads\/2024\/07\/Logo-ASB-80.png","width":228,"height":219,"caption":"Association Sportive de Brindas - ASB"},"image":{"@id":"http:\/\/asbrindas.fr\/#\/schema\/logo\/image\/"}}]}},"_links":{"self":[{"href":"https:\/\/asbrindas.fr\/index.php\/wp-json\/wp\/v2\/pages\/319","targetHints":{"allow":["GET"]}}],"collection":[{"href":"https:\/\/asbrindas.fr\/index.php\/wp-json\/wp\/v2\/pages"}],"about":[{"href":"https:\/\/asbrindas.fr\/index.php\/wp-json\/wp\/v2\/types\/page"}],"author":[{"embeddable":true,"href":"https:\/\/asbrindas.fr\/index.php\/wp-json\/wp\/v2\/users\/2"}],"replies":[{"embeddable":true,"href":"https:\/\/asbrindas.fr\/index.php\/wp-json\/wp\/v2\/comments?post=319"}],"version-history":[{"count":23,"href":"https:\/\/asbrindas.fr\/index.php\/wp-json\/wp\/v2\/pages\/319\/revisions"}],"predecessor-version":[{"id":1523,"href":"https:\/\/asbrindas.fr\/index.php\/wp-json\/wp\/v2\/pages\/319\/revisions\/1523"}],"wp:attachment":[{"href":"https:\/\/asbrindas.fr\/index.php\/wp-json\/wp\/v2\/media?parent=319"}],"curies":[{"name":"wp","href":"https:\/\/api.w.org\/{rel}","templated":true}]}}