{"id":326,"date":"2024-02-08T15:32:00","date_gmt":"2024-02-08T14:32:00","guid":{"rendered":"https:\/\/asbrindas.fr\/?page_id=326"},"modified":"2024-06-11T13:50:26","modified_gmt":"2024-06-11T11:50:26","slug":"presentation-qi-gong","status":"publish","type":"page","link":"https:\/\/asbrindas.fr\/index.php\/presentation-qi-gong\/","title":{"rendered":"Pr\u00e9sentation Qi Gong"},"content":{"rendered":"\n<style>\nbody {\nbackground-color: #309C40;\n}\n<\/style>\n\n\n\n<div style=\"height:50px\" aria-hidden=\"true\" class=\"wp-block-spacer\"><\/div>\n\n\n\n<p>Le Qi Gong (prononc\u00e9 Chi Kong) est une gymnastique douce de sant\u00e9 qui fait partie de la m\u00e9decine traditionnelle chinoise<strong>.<\/strong><\/p>\n\n\n\n<p>Par des mouvements doux et harmonieux associ\u00e9s \u00e0 la respiration, le Qi Gong d\u00e9veloppe la souplesse, la vitalit\u00e9 en faisant circuler l\u2019\u00e9nergie dans tout le corps.<\/p>\n\n\n\n<p>La pratique r\u00e9guli\u00e8re aide \u00e0 rester en bonne sant\u00e9, pr\u00e9venir les maladies, lutter contre le stress, prendre du recul sur le quotidien, am\u00e9liorer la m\u00e9moire, stimuler la concentration, se sentir mieux, gagner en confiance, s\u00e9r\u00e9nit\u00e9, sant\u00e9, bien-\u00eatre\u2026<\/p>\n\n\n\n<p>Activit\u00e9 accessible aux adolescents et aux adultes avec une tenue ample et souple afin d\u2019\u00eatre libre de ses mouvements et pouvoir respirer ais\u00e9ment.<\/p>\n","protected":false},"excerpt":{"rendered":"<p>Le Qi Gong (prononc\u00e9 Chi Kong) est une gymnastique douce de sant\u00e9 qui fait partie de la m\u00e9decine traditionnelle chinoise.<\/p>\n","protected":false},"author":2,"featured_media":0,"parent":0,"menu_order":0,"comment_status":"closed","ping_status":"closed","template":"","meta":{"footnotes":""},"class_list":["post-326","page","type-page","status-publish","hentry","comments-off"],"yoast_head":"<!-- This site is optimized with the Yoast SEO plugin v27.5 - https:\/\/yoast.com\/product\/yoast-seo-wordpress\/ -->\n<title>Pr\u00e9sentation Qi Gong - Association Sportive de Brindas<\/title>\n<meta name=\"robots\" content=\"index, follow, max-snippet:-1, max-image-preview:large, max-video-preview:-1\" \/>\n<link rel=\"canonical\" href=\"https:\/\/asbrindas.fr\/index.php\/presentation-qi-gong\/\" \/>\n<meta property=\"og:locale\" content=\"fr_FR\" \/>\n<meta property=\"og:type\" content=\"article\" \/>\n<meta property=\"og:title\" content=\"Pr\u00e9sentation Qi Gong - Association Sportive de Brindas\" \/>\n<meta property=\"og:description\" content=\"Le Qi Gong (prononc\u00e9 Chi Kong) est une gymnastique douce de sant\u00e9 qui fait partie de la m\u00e9decine traditionnelle chinoise.\" \/>\n<meta property=\"og:url\" content=\"https:\/\/asbrindas.fr\/index.php\/presentation-qi-gong\/\" \/>\n<meta property=\"og:site_name\" content=\"Association Sportive de Brindas\" \/>\n<meta property=\"article:modified_time\" content=\"2024-06-11T11:50:26+00:00\" \/>\n<meta name=\"twitter:card\" content=\"summary_large_image\" \/>\n<meta name=\"twitter:label1\" content=\"Dur\u00e9e de lecture estim\u00e9e\" \/>\n\t<meta name=\"twitter:data1\" content=\"1 minute\" \/>\n<script type=\"application\/ld+json\" class=\"yoast-schema-graph\">{\"@context\":\"https:\\\/\\\/schema.org\",\"@graph\":[{\"@type\":\"WebPage\",\"@id\":\"https:\\\/\\\/asbrindas.fr\\\/index.php\\\/presentation-qi-gong\\\/\",\"url\":\"https:\\\/\\\/asbrindas.fr\\\/index.php\\\/presentation-qi-gong\\\/\",\"name\":\"Pr\u00e9sentation Qi Gong - Association Sportive de Brindas\",\"isPartOf\":{\"@id\":\"http:\\\/\\\/asbrindas.fr\\\/#website\"},\"datePublished\":\"2024-02-08T14:32:00+00:00\",\"dateModified\":\"2024-06-11T11:50:26+00:00\",\"breadcrumb\":{\"@id\":\"https:\\\/\\\/asbrindas.fr\\\/index.php\\\/presentation-qi-gong\\\/#breadcrumb\"},\"inLanguage\":\"fr-FR\",\"potentialAction\":[{\"@type\":\"ReadAction\",\"target\":[\"https:\\\/\\\/asbrindas.fr\\\/index.php\\\/presentation-qi-gong\\\/\"]}]},{\"@type\":\"BreadcrumbList\",\"@id\":\"https:\\\/\\\/asbrindas.fr\\\/index.php\\\/presentation-qi-gong\\\/#breadcrumb\",\"itemListElement\":[{\"@type\":\"ListItem\",\"position\":1,\"name\":\"Accueil\",\"item\":\"http:\\\/\\\/asbrindas.fr\\\/\"},{\"@type\":\"ListItem\",\"position\":2,\"name\":\"Pr\u00e9sentation Qi Gong\"}]},{\"@type\":\"WebSite\",\"@id\":\"http:\\\/\\\/asbrindas.fr\\\/#website\",\"url\":\"http:\\\/\\\/asbrindas.fr\\\/\",\"name\":\"Association Sportive de Brindas - ASB\",\"description\":\"Association Sportive Brindas\",\"publisher\":{\"@id\":\"http:\\\/\\\/asbrindas.fr\\\/#organization\"},\"potentialAction\":[{\"@type\":\"SearchAction\",\"target\":{\"@type\":\"EntryPoint\",\"urlTemplate\":\"http:\\\/\\\/asbrindas.fr\\\/?s={search_term_string}\"},\"query-input\":{\"@type\":\"PropertyValueSpecification\",\"valueRequired\":true,\"valueName\":\"search_term_string\"}}],\"inLanguage\":\"fr-FR\"},{\"@type\":\"Organization\",\"@id\":\"http:\\\/\\\/asbrindas.fr\\\/#organization\",\"name\":\"Association Sportive de Brindas - ASB\",\"url\":\"http:\\\/\\\/asbrindas.fr\\\/\",\"logo\":{\"@type\":\"ImageObject\",\"inLanguage\":\"fr-FR\",\"@id\":\"http:\\\/\\\/asbrindas.fr\\\/#\\\/schema\\\/logo\\\/image\\\/\",\"url\":\"http:\\\/\\\/asbrindas.fr\\\/wp-content\\\/uploads\\\/2024\\\/07\\\/Logo-ASB-80.png\",\"contentUrl\":\"http:\\\/\\\/asbrindas.fr\\\/wp-content\\\/uploads\\\/2024\\\/07\\\/Logo-ASB-80.png\",\"width\":228,\"height\":219,\"caption\":\"Association Sportive de Brindas - ASB\"},\"image\":{\"@id\":\"http:\\\/\\\/asbrindas.fr\\\/#\\\/schema\\\/logo\\\/image\\\/\"}}]}<\/script>\n<!-- \/ Yoast SEO plugin. -->","yoast_head_json":{"title":"Pr\u00e9sentation Qi Gong - Association Sportive de Brindas","robots":{"index":"index","follow":"follow","max-snippet":"max-snippet:-1","max-image-preview":"max-image-preview:large","max-video-preview":"max-video-preview:-1"},"canonical":"https:\/\/asbrindas.fr\/index.php\/presentation-qi-gong\/","og_locale":"fr_FR","og_type":"article","og_title":"Pr\u00e9sentation Qi Gong - Association Sportive de Brindas","og_description":"Le Qi Gong (prononc\u00e9 Chi Kong) est une gymnastique douce de sant\u00e9 qui fait partie de la m\u00e9decine traditionnelle chinoise.","og_url":"https:\/\/asbrindas.fr\/index.php\/presentation-qi-gong\/","og_site_name":"Association Sportive de Brindas","article_modified_time":"2024-06-11T11:50:26+00:00","twitter_card":"summary_large_image","twitter_misc":{"Dur\u00e9e de lecture estim\u00e9e":"1 minute"},"schema":{"@context":"https:\/\/schema.org","@graph":[{"@type":"WebPage","@id":"https:\/\/asbrindas.fr\/index.php\/presentation-qi-gong\/","url":"https:\/\/asbrindas.fr\/index.php\/presentation-qi-gong\/","name":"Pr\u00e9sentation Qi Gong - Association Sportive de Brindas","isPartOf":{"@id":"http:\/\/asbrindas.fr\/#website"},"datePublished":"2024-02-08T14:32:00+00:00","dateModified":"2024-06-11T11:50:26+00:00","breadcrumb":{"@id":"https:\/\/asbrindas.fr\/index.php\/presentation-qi-gong\/#breadcrumb"},"inLanguage":"fr-FR","potentialAction":[{"@type":"ReadAction","target":["https:\/\/asbrindas.fr\/index.php\/presentation-qi-gong\/"]}]},{"@type":"BreadcrumbList","@id":"https:\/\/asbrindas.fr\/index.php\/presentation-qi-gong\/#breadcrumb","itemListElement":[{"@type":"ListItem","position":1,"name":"Accueil","item":"http:\/\/asbrindas.fr\/"},{"@type":"ListItem","position":2,"name":"Pr\u00e9sentation Qi Gong"}]},{"@type":"WebSite","@id":"http:\/\/asbrindas.fr\/#website","url":"http:\/\/asbrindas.fr\/","name":"Association Sportive de Brindas - ASB","description":"Association Sportive Brindas","publisher":{"@id":"http:\/\/asbrindas.fr\/#organization"},"potentialAction":[{"@type":"SearchAction","target":{"@type":"EntryPoint","urlTemplate":"http:\/\/asbrindas.fr\/?s={search_term_string}"},"query-input":{"@type":"PropertyValueSpecification","valueRequired":true,"valueName":"search_term_string"}}],"inLanguage":"fr-FR"},{"@type":"Organization","@id":"http:\/\/asbrindas.fr\/#organization","name":"Association Sportive de Brindas - ASB","url":"http:\/\/asbrindas.fr\/","logo":{"@type":"ImageObject","inLanguage":"fr-FR","@id":"http:\/\/asbrindas.fr\/#\/schema\/logo\/image\/","url":"http:\/\/asbrindas.fr\/wp-content\/uploads\/2024\/07\/Logo-ASB-80.png","contentUrl":"http:\/\/asbrindas.fr\/wp-content\/uploads\/2024\/07\/Logo-ASB-80.png","width":228,"height":219,"caption":"Association Sportive de Brindas - ASB"},"image":{"@id":"http:\/\/asbrindas.fr\/#\/schema\/logo\/image\/"}}]}},"_links":{"self":[{"href":"https:\/\/asbrindas.fr\/index.php\/wp-json\/wp\/v2\/pages\/326","targetHints":{"allow":["GET"]}}],"collection":[{"href":"https:\/\/asbrindas.fr\/index.php\/wp-json\/wp\/v2\/pages"}],"about":[{"href":"https:\/\/asbrindas.fr\/index.php\/wp-json\/wp\/v2\/types\/page"}],"author":[{"embeddable":true,"href":"https:\/\/asbrindas.fr\/index.php\/wp-json\/wp\/v2\/users\/2"}],"replies":[{"embeddable":true,"href":"https:\/\/asbrindas.fr\/index.php\/wp-json\/wp\/v2\/comments?post=326"}],"version-history":[{"count":4,"href":"https:\/\/asbrindas.fr\/index.php\/wp-json\/wp\/v2\/pages\/326\/revisions"}],"predecessor-version":[{"id":713,"href":"https:\/\/asbrindas.fr\/index.php\/wp-json\/wp\/v2\/pages\/326\/revisions\/713"}],"wp:attachment":[{"href":"https:\/\/asbrindas.fr\/index.php\/wp-json\/wp\/v2\/media?parent=326"}],"curies":[{"name":"wp","href":"https:\/\/api.w.org\/{rel}","templated":true}]}}