{"id":518,"date":"2024-05-30T09:43:28","date_gmt":"2024-05-30T07:43:28","guid":{"rendered":"https:\/\/asbrindas.fr\/?page_id=518"},"modified":"2025-06-10T15:46:03","modified_gmt":"2025-06-10T13:46:03","slug":"gym-zen-asb-brindas","status":"publish","type":"page","link":"https:\/\/asbrindas.fr\/index.php\/gym-zen-asb-brindas\/","title":{"rendered":"Gym Douce"},"content":{"rendered":"\n<style>\nbody {\nbackground-color: #BCA0FA;\n}\n<\/style>\n\n\n\n<p class=\"has-accent-color has-text-color has-link-color wp-elements-87240ff7a41a3d407f6e3225e02e94c7\">Quand, o\u00f9, avec qui :<\/p>\n\n\n\n<figure class=\"wp-block-table\"><table class=\"has-fixed-layout\"><thead><tr><th>Horaires<\/th><th>Lieux<\/th><\/tr><\/thead><tbody><tr><td>Lundi de 11h45 \u00e0 12h15<\/td><td>Au Carr\u00e9 d&rsquo;Ass<\/td><\/tr><tr><td>Jeudi de 10h45 \u00e0 11h45<\/td><td>A la salle Henri Tachez<\/td><\/tr><\/tbody><\/table><\/figure>\n\n\n\n<p><\/p>\n\n\n\n<p>Avec Amandine<\/p>\n\n\n\n<figure class=\"wp-block-image size-full is-resized is-style-rounded\"><img loading=\"lazy\" decoding=\"async\" width=\"1007\" height=\"1631\" src=\"http:\/\/asbrindas.fr\/wp-content\/uploads\/2024\/06\/amandine2.jpg\" alt=\"Gym Zen ASB Brindas\" class=\"wp-image-693\" style=\"width:206px;height:auto\" srcset=\"https:\/\/asbrindas.fr\/wp-content\/uploads\/2024\/06\/amandine2.jpg 1007w, https:\/\/asbrindas.fr\/wp-content\/uploads\/2024\/06\/amandine2-185x300.jpg 185w, https:\/\/asbrindas.fr\/wp-content\/uploads\/2024\/06\/amandine2-632x1024.jpg 632w, https:\/\/asbrindas.fr\/wp-content\/uploads\/2024\/06\/amandine2-768x1244.jpg 768w, https:\/\/asbrindas.fr\/wp-content\/uploads\/2024\/06\/amandine2-948x1536.jpg 948w\" sizes=\"auto, (max-width: 1007px) 100vw, 1007px\" \/><\/figure>\n\n\n\n<p class=\"has-accent-color has-text-color has-link-color wp-elements-197bed06e71878945a0c7f7006aea263\">Tarif : <\/p>\n\n\n\n<p>120\u20ac + 10\u20ac adh\u00e9sion ASB pour 1h pour l&rsquo;ann\u00e9e<\/p>\n\n\n\n<p class=\"has-accent-color has-text-color has-link-color wp-elements-efe6e9972695ccf8363c8d4836e25cf4\">Renseignements :<\/p>\n\n\n\n<p>asbrindasfitness@gmail.com<\/p>\n\n\n\n<p class=\"has-accent-color has-text-color has-link-color wp-elements-1f91766e7788138db69ec47d3e460786\">Inscription :<\/p>\n\n\n\n<p>Toutes les d\u00e9marches administratives se trouvent sur le site Comiti.<br>Pour vous inscrire veuillez cliquer sur le lien suivant :<\/p>\n\n\n\n<p class=\"has-accent-color has-text-color has-link-color wp-elements-62c5d88ab2f77d683ccb8a7ef3674331\"><a href=\"https:\/\/asbrindas.comiti-sport.fr\" target=\"_blank\" rel=\"noreferrer noopener\">https:\/\/asbrindas.comiti-sport.fr<\/a><\/p>\n","protected":false},"excerpt":{"rendered":"<p>Quand, o\u00f9, avec qui : Horaires Lieux Lundi de 11h45 \u00e0 12h15 Au Carr\u00e9 d&rsquo;Ass Jeudi de 10h45 \u00e0 11h45<\/p>\n","protected":false},"author":2,"featured_media":0,"parent":0,"menu_order":0,"comment_status":"closed","ping_status":"closed","template":"","meta":{"footnotes":""},"class_list":["post-518","page","type-page","status-publish","hentry","comments-off"],"yoast_head":"<!-- This site is optimized with the Yoast SEO plugin v27.5 - https:\/\/yoast.com\/product\/yoast-seo-wordpress\/ -->\n<title>Gym Zen ASB Brindas<\/title>\n<meta name=\"description\" content=\"Cliquez ici si vous souhaitez avoir tous les renseignements (jours, horaires, prix...) sur la Gym Zen \u00e0 Brindas avec l&#039;ASB\" \/>\n<meta name=\"robots\" content=\"index, follow, max-snippet:-1, max-image-preview:large, max-video-preview:-1\" \/>\n<link rel=\"canonical\" href=\"https:\/\/asbrindas.fr\/index.php\/gym-zen-asb-brindas\/\" \/>\n<meta property=\"og:locale\" content=\"fr_FR\" \/>\n<meta property=\"og:type\" content=\"article\" \/>\n<meta property=\"og:title\" content=\"Gym Zen ASB Brindas\" \/>\n<meta property=\"og:description\" content=\"Cliquez ici si vous souhaitez avoir tous les renseignements (jours, horaires, prix...) sur la Gym Zen \u00e0 Brindas avec l&#039;ASB\" \/>\n<meta property=\"og:url\" content=\"https:\/\/asbrindas.fr\/index.php\/gym-zen-asb-brindas\/\" \/>\n<meta property=\"og:site_name\" content=\"Association Sportive de Brindas\" \/>\n<meta property=\"article:modified_time\" content=\"2025-06-10T13:46:03+00:00\" \/>\n<meta property=\"og:image\" content=\"http:\/\/asbrindas.fr\/wp-content\/uploads\/2024\/06\/amandine2.jpg\" \/>\n<meta name=\"twitter:card\" content=\"summary_large_image\" \/>\n<meta name=\"twitter:label1\" content=\"Dur\u00e9e de lecture estim\u00e9e\" \/>\n\t<meta name=\"twitter:data1\" content=\"1 minute\" \/>\n<script type=\"application\/ld+json\" class=\"yoast-schema-graph\">{\"@context\":\"https:\\\/\\\/schema.org\",\"@graph\":[{\"@type\":\"WebPage\",\"@id\":\"https:\\\/\\\/asbrindas.fr\\\/index.php\\\/gym-zen-asb-brindas\\\/\",\"url\":\"https:\\\/\\\/asbrindas.fr\\\/index.php\\\/gym-zen-asb-brindas\\\/\",\"name\":\"Gym Zen ASB Brindas\",\"isPartOf\":{\"@id\":\"http:\\\/\\\/asbrindas.fr\\\/#website\"},\"primaryImageOfPage\":{\"@id\":\"https:\\\/\\\/asbrindas.fr\\\/index.php\\\/gym-zen-asb-brindas\\\/#primaryimage\"},\"image\":{\"@id\":\"https:\\\/\\\/asbrindas.fr\\\/index.php\\\/gym-zen-asb-brindas\\\/#primaryimage\"},\"thumbnailUrl\":\"http:\\\/\\\/asbrindas.fr\\\/wp-content\\\/uploads\\\/2024\\\/06\\\/amandine2.jpg\",\"datePublished\":\"2024-05-30T07:43:28+00:00\",\"dateModified\":\"2025-06-10T13:46:03+00:00\",\"description\":\"Cliquez ici si vous souhaitez avoir tous les renseignements (jours, horaires, prix...) sur la Gym Zen \u00e0 Brindas avec l'ASB\",\"breadcrumb\":{\"@id\":\"https:\\\/\\\/asbrindas.fr\\\/index.php\\\/gym-zen-asb-brindas\\\/#breadcrumb\"},\"inLanguage\":\"fr-FR\",\"potentialAction\":[{\"@type\":\"ReadAction\",\"target\":[\"https:\\\/\\\/asbrindas.fr\\\/index.php\\\/gym-zen-asb-brindas\\\/\"]}]},{\"@type\":\"ImageObject\",\"inLanguage\":\"fr-FR\",\"@id\":\"https:\\\/\\\/asbrindas.fr\\\/index.php\\\/gym-zen-asb-brindas\\\/#primaryimage\",\"url\":\"https:\\\/\\\/asbrindas.fr\\\/wp-content\\\/uploads\\\/2024\\\/06\\\/amandine2.jpg\",\"contentUrl\":\"https:\\\/\\\/asbrindas.fr\\\/wp-content\\\/uploads\\\/2024\\\/06\\\/amandine2.jpg\",\"width\":1007,\"height\":1631},{\"@type\":\"BreadcrumbList\",\"@id\":\"https:\\\/\\\/asbrindas.fr\\\/index.php\\\/gym-zen-asb-brindas\\\/#breadcrumb\",\"itemListElement\":[{\"@type\":\"ListItem\",\"position\":1,\"name\":\"Accueil\",\"item\":\"http:\\\/\\\/asbrindas.fr\\\/\"},{\"@type\":\"ListItem\",\"position\":2,\"name\":\"Gym Douce\"}]},{\"@type\":\"WebSite\",\"@id\":\"http:\\\/\\\/asbrindas.fr\\\/#website\",\"url\":\"http:\\\/\\\/asbrindas.fr\\\/\",\"name\":\"Association Sportive de Brindas - ASB\",\"description\":\"Association Sportive Brindas\",\"publisher\":{\"@id\":\"http:\\\/\\\/asbrindas.fr\\\/#organization\"},\"potentialAction\":[{\"@type\":\"SearchAction\",\"target\":{\"@type\":\"EntryPoint\",\"urlTemplate\":\"http:\\\/\\\/asbrindas.fr\\\/?s={search_term_string}\"},\"query-input\":{\"@type\":\"PropertyValueSpecification\",\"valueRequired\":true,\"valueName\":\"search_term_string\"}}],\"inLanguage\":\"fr-FR\"},{\"@type\":\"Organization\",\"@id\":\"http:\\\/\\\/asbrindas.fr\\\/#organization\",\"name\":\"Association Sportive de Brindas - ASB\",\"url\":\"http:\\\/\\\/asbrindas.fr\\\/\",\"logo\":{\"@type\":\"ImageObject\",\"inLanguage\":\"fr-FR\",\"@id\":\"http:\\\/\\\/asbrindas.fr\\\/#\\\/schema\\\/logo\\\/image\\\/\",\"url\":\"http:\\\/\\\/asbrindas.fr\\\/wp-content\\\/uploads\\\/2024\\\/07\\\/Logo-ASB-80.png\",\"contentUrl\":\"http:\\\/\\\/asbrindas.fr\\\/wp-content\\\/uploads\\\/2024\\\/07\\\/Logo-ASB-80.png\",\"width\":228,\"height\":219,\"caption\":\"Association Sportive de Brindas - ASB\"},\"image\":{\"@id\":\"http:\\\/\\\/asbrindas.fr\\\/#\\\/schema\\\/logo\\\/image\\\/\"}}]}<\/script>\n<!-- \/ Yoast SEO plugin. -->","yoast_head_json":{"title":"Gym Zen ASB Brindas","description":"Cliquez ici si vous souhaitez avoir tous les renseignements (jours, horaires, prix...) sur la Gym Zen \u00e0 Brindas avec l'ASB","robots":{"index":"index","follow":"follow","max-snippet":"max-snippet:-1","max-image-preview":"max-image-preview:large","max-video-preview":"max-video-preview:-1"},"canonical":"https:\/\/asbrindas.fr\/index.php\/gym-zen-asb-brindas\/","og_locale":"fr_FR","og_type":"article","og_title":"Gym Zen ASB Brindas","og_description":"Cliquez ici si vous souhaitez avoir tous les renseignements (jours, horaires, prix...) sur la Gym Zen \u00e0 Brindas avec l'ASB","og_url":"https:\/\/asbrindas.fr\/index.php\/gym-zen-asb-brindas\/","og_site_name":"Association Sportive de Brindas","article_modified_time":"2025-06-10T13:46:03+00:00","og_image":[{"url":"http:\/\/asbrindas.fr\/wp-content\/uploads\/2024\/06\/amandine2.jpg","type":"","width":"","height":""}],"twitter_card":"summary_large_image","twitter_misc":{"Dur\u00e9e de lecture estim\u00e9e":"1 minute"},"schema":{"@context":"https:\/\/schema.org","@graph":[{"@type":"WebPage","@id":"https:\/\/asbrindas.fr\/index.php\/gym-zen-asb-brindas\/","url":"https:\/\/asbrindas.fr\/index.php\/gym-zen-asb-brindas\/","name":"Gym Zen ASB Brindas","isPartOf":{"@id":"http:\/\/asbrindas.fr\/#website"},"primaryImageOfPage":{"@id":"https:\/\/asbrindas.fr\/index.php\/gym-zen-asb-brindas\/#primaryimage"},"image":{"@id":"https:\/\/asbrindas.fr\/index.php\/gym-zen-asb-brindas\/#primaryimage"},"thumbnailUrl":"http:\/\/asbrindas.fr\/wp-content\/uploads\/2024\/06\/amandine2.jpg","datePublished":"2024-05-30T07:43:28+00:00","dateModified":"2025-06-10T13:46:03+00:00","description":"Cliquez ici si vous souhaitez avoir tous les renseignements (jours, horaires, prix...) sur la Gym Zen \u00e0 Brindas avec l'ASB","breadcrumb":{"@id":"https:\/\/asbrindas.fr\/index.php\/gym-zen-asb-brindas\/#breadcrumb"},"inLanguage":"fr-FR","potentialAction":[{"@type":"ReadAction","target":["https:\/\/asbrindas.fr\/index.php\/gym-zen-asb-brindas\/"]}]},{"@type":"ImageObject","inLanguage":"fr-FR","@id":"https:\/\/asbrindas.fr\/index.php\/gym-zen-asb-brindas\/#primaryimage","url":"https:\/\/asbrindas.fr\/wp-content\/uploads\/2024\/06\/amandine2.jpg","contentUrl":"https:\/\/asbrindas.fr\/wp-content\/uploads\/2024\/06\/amandine2.jpg","width":1007,"height":1631},{"@type":"BreadcrumbList","@id":"https:\/\/asbrindas.fr\/index.php\/gym-zen-asb-brindas\/#breadcrumb","itemListElement":[{"@type":"ListItem","position":1,"name":"Accueil","item":"http:\/\/asbrindas.fr\/"},{"@type":"ListItem","position":2,"name":"Gym Douce"}]},{"@type":"WebSite","@id":"http:\/\/asbrindas.fr\/#website","url":"http:\/\/asbrindas.fr\/","name":"Association Sportive de Brindas - ASB","description":"Association Sportive Brindas","publisher":{"@id":"http:\/\/asbrindas.fr\/#organization"},"potentialAction":[{"@type":"SearchAction","target":{"@type":"EntryPoint","urlTemplate":"http:\/\/asbrindas.fr\/?s={search_term_string}"},"query-input":{"@type":"PropertyValueSpecification","valueRequired":true,"valueName":"search_term_string"}}],"inLanguage":"fr-FR"},{"@type":"Organization","@id":"http:\/\/asbrindas.fr\/#organization","name":"Association Sportive de Brindas - ASB","url":"http:\/\/asbrindas.fr\/","logo":{"@type":"ImageObject","inLanguage":"fr-FR","@id":"http:\/\/asbrindas.fr\/#\/schema\/logo\/image\/","url":"http:\/\/asbrindas.fr\/wp-content\/uploads\/2024\/07\/Logo-ASB-80.png","contentUrl":"http:\/\/asbrindas.fr\/wp-content\/uploads\/2024\/07\/Logo-ASB-80.png","width":228,"height":219,"caption":"Association Sportive de Brindas - ASB"},"image":{"@id":"http:\/\/asbrindas.fr\/#\/schema\/logo\/image\/"}}]}},"_links":{"self":[{"href":"https:\/\/asbrindas.fr\/index.php\/wp-json\/wp\/v2\/pages\/518","targetHints":{"allow":["GET"]}}],"collection":[{"href":"https:\/\/asbrindas.fr\/index.php\/wp-json\/wp\/v2\/pages"}],"about":[{"href":"https:\/\/asbrindas.fr\/index.php\/wp-json\/wp\/v2\/types\/page"}],"author":[{"embeddable":true,"href":"https:\/\/asbrindas.fr\/index.php\/wp-json\/wp\/v2\/users\/2"}],"replies":[{"embeddable":true,"href":"https:\/\/asbrindas.fr\/index.php\/wp-json\/wp\/v2\/comments?post=518"}],"version-history":[{"count":9,"href":"https:\/\/asbrindas.fr\/index.php\/wp-json\/wp\/v2\/pages\/518\/revisions"}],"predecessor-version":[{"id":1199,"href":"https:\/\/asbrindas.fr\/index.php\/wp-json\/wp\/v2\/pages\/518\/revisions\/1199"}],"wp:attachment":[{"href":"https:\/\/asbrindas.fr\/index.php\/wp-json\/wp\/v2\/media?parent=518"}],"curies":[{"name":"wp","href":"https:\/\/api.w.org\/{rel}","templated":true}]}}